{"id":3210,"date":"2025-08-09T06:35:34","date_gmt":"2025-08-09T06:35:34","guid":{"rendered":"https:\/\/dev.mbhi.com.br\/angelica\/?page_id=3210"},"modified":"2026-02-10T04:02:01","modified_gmt":"2026-02-10T04:02:01","slug":"sobre-a-dra-angelica-gravino","status":"publish","type":"page","link":"https:\/\/dev.mbhi.com.br\/angelica\/sobre-a-dra-angelica-gravino\/","title":{"rendered":"Sobre a Dra. Ang\u00e9lica Gravino"},"content":{"rendered":"\t\t<div data-elementor-type=\"wp-page\" data-elementor-id=\"3210\" class=\"elementor elementor-3210\" data-elementor-post-type=\"page\">\n\t\t\t\t<div class=\"elementor-element elementor-element-5d8d320d e-flex e-con-boxed e-con e-parent\" data-id=\"5d8d320d\" data-element_type=\"container\" data-e-type=\"container\" id=\"apply-sec-hero\" data-settings=\"{&quot;background_background&quot;:&quot;classic&quot;,&quot;shape_divider_bottom&quot;:&quot;curve-asymmetrical&quot;,&quot;shape_divider_bottom_negative&quot;:&quot;yes&quot;}\">\n\t\t\t\t\t<div class=\"e-con-inner\">\n\t\t\t\t<div class=\"elementor-shape elementor-shape-bottom\" aria-hidden=\"true\" data-negative=\"true\">\n\t\t\t<svg xmlns=\"http:\/\/www.w3.org\/2000\/svg\" viewBox=\"0 0 1000 100\" preserveAspectRatio=\"none\">\n\t<path class=\"elementor-shape-fill\" d=\"M615.2,96.7C240.2,97.8,0,18.9,0,0v100h1000V0C1000,19.2,989.8,96,615.2,96.7z\"\/>\n<\/svg>\t\t<\/div>\n\t\t<div class=\"elementor-element elementor-element-9fa3144 e-con-full e-flex e-con e-child\" data-id=\"9fa3144\" data-element_type=\"container\" data-e-type=\"container\">\n\t\t\t\t<div class=\"elementor-element elementor-element-50a130b elementor-widget__width-inherit elementor-widget elementor-widget-heading\" data-id=\"50a130b\" data-element_type=\"widget\" data-e-type=\"widget\" data-settings=\"{&quot;ekit_we_effect_on&quot;:&quot;none&quot;}\" data-widget_type=\"heading.default\">\n\t\t\t\t\t<h2 class=\"elementor-heading-title elementor-size-default\">Dra. Ang\u00e9lica Gravino<\/h2>\t\t\t\t<\/div>\n\t\t\t\t<div class=\"elementor-element elementor-element-c86a1e8 elementor-widget__width-inherit elementor-widget elementor-widget-text-editor\" data-id=\"c86a1e8\" data-element_type=\"widget\" data-e-type=\"widget\" data-settings=\"{&quot;ekit_we_effect_on&quot;:&quot;none&quot;}\" data-widget_type=\"text-editor.default\">\n\t\t\t\t\t\t\t\t\t<div data-id=\"5e25aa3\" data-element_type=\"widget\" data-settings=\"{&quot;_animation&quot;:&quot;slideInRight&quot;,&quot;_animation_delay&quot;:550}\" data-widget_type=\"heading.default\"><div><div data-id=\"ba283d4\" data-element_type=\"widget\" data-settings=\"{&quot;_animation&quot;:&quot;slideInRight&quot;,&quot;_animation_delay&quot;:40}\" data-widget_type=\"heading.default\"><div><p>Cirurgi\u00e3 Pl\u00e1stica &#8211;\u00a0CRM\/MS 7844 | RQE 5380<\/p><\/div><\/div><\/div><\/div>\t\t\t\t\t\t\t\t<\/div>\n\t\t\t\t<div class=\"elementor-element elementor-element-09946e3 elementor-widget__width-inherit elementor-widget elementor-widget-text-editor\" data-id=\"09946e3\" data-element_type=\"widget\" data-e-type=\"widget\" data-settings=\"{&quot;ekit_we_effect_on&quot;:&quot;none&quot;}\" data-widget_type=\"text-editor.default\">\n\t\t\t\t\t\t\t\t\t<p>A medicina sempre fez sentido pra mim. Mas foi na cirurgia pl\u00e1stica que encontrei meu verdadeiro prop\u00f3sito.<\/p><p>N\u00e3o foi um sonho de inf\u00e2ncia, foi uma descoberta na vida adulta. Durante a faculdade, fui paciente. Coloquei pr\u00f3tese de silicone e, naquela experi\u00eancia, minha rela\u00e7\u00e3o com o meu corpo mudou profundamente. Eu me senti mais segura, mais livre, mais eu. E ali eu entendi: a cirurgia pl\u00e1stica tem o poder de transformar mulheres. De dentro pra fora.<\/p>\t\t\t\t\t\t\t\t<\/div>\n\t\t\t\t<div class=\"elementor-element elementor-element-e87e7e6 elementor-widget elementor-widget-text-editor\" data-id=\"e87e7e6\" data-element_type=\"widget\" data-e-type=\"widget\" data-settings=\"{&quot;ekit_we_effect_on&quot;:&quot;none&quot;}\" data-widget_type=\"text-editor.default\">\n\t\t\t\t\t\t\t\t\t<p>A partir desse momento, tudo se alinhou. Vieram os anos de estudo, os plant\u00f5es, as noites em claro, os congressos dentro e fora do pa\u00eds, e a busca constante por t\u00e9cnica e conhecimento. Mas, acima de tudo, veio o compromisso com o que realmente importa: escutar com aten\u00e7\u00e3o, acolher com respeito e cuidar com verdade.<\/p><p>Cada paciente \u00e9 \u00fanica. N\u00e3o \u00e9 s\u00f3 sobre est\u00e9tica, \u00e9 sobre identidade, autoestima, recome\u00e7os. Meu papel \u00e9 unir o que h\u00e1 de mais moderno e seguro na cirurgia pl\u00e1stica com um olhar atento e sens\u00edvel para quem est\u00e1 do outro lado. Compreender o que h\u00e1 por tr\u00e1s da queixa. Reconhecer a hist\u00f3ria que acompanha aquele corpo.<\/p><p>Porque cirurgia pl\u00e1stica, pra mim, n\u00e3o \u00e9 sobre moldar, \u00e9 sobre libertar.<\/p><p><strong>Libertar a mulher que j\u00e1 existe, mas ainda n\u00e3o se v\u00ea.<\/strong><\/p>\t\t\t\t\t\t\t\t<\/div>\n\t\t\t\t<div class=\"elementor-element elementor-element-18ed097 elementor-mobile-align-justify elementor-align-justify elementor-widget__width-initial elementor-widget-mobile__width-inherit elementor-widget elementor-widget-button\" data-id=\"18ed097\" data-element_type=\"widget\" data-e-type=\"widget\" data-settings=\"{&quot;ekit_we_effect_on&quot;:&quot;none&quot;}\" data-widget_type=\"button.default\">\n\t\t\t\t\t\t\t\t\t\t<a class=\"elementor-button elementor-button-link elementor-size-sm\" href=\"https:\/\/dev.mbhi.com.br\/angelica\/clinica\/\">\n\t\t\t\t\t\t<span class=\"elementor-button-content-wrapper\">\n\t\t\t\t\t\t\t\t\t<span class=\"elementor-button-text\">CONHE\u00c7A A CL\u00cdNICA<\/span>\n\t\t\t\t\t<\/span>\n\t\t\t\t\t<\/a>\n\t\t\t\t\t\t\t\t<\/div>\n\t\t\t\t<\/div>\n\t\t\t\t\t<\/div>\n\t\t\t\t<\/div>\n\t\t\t\t<\/div>\n\t\t","protected":false},"excerpt":{"rendered":"<p>Dra. Ang\u00e9lica Gravino Cirurgi\u00e3 Pl\u00e1stica &#8211;\u00a0CRM\/MS 7844 | RQE 5380 A medicina sempre fez sentido pra mim. Mas foi na cirurgia pl\u00e1stica que encontrei meu verdadeiro prop\u00f3sito. N\u00e3o foi um sonho de inf\u00e2ncia, foi uma descoberta na vida adulta. Durante a faculdade, fui paciente. Coloquei pr\u00f3tese de silicone e, naquela experi\u00eancia, minha rela\u00e7\u00e3o com o [&hellip;]<\/p>\n","protected":false},"author":1,"featured_media":0,"parent":0,"menu_order":0,"comment_status":"closed","ping_status":"closed","template":"","meta":{"pagelayer_contact_templates":[],"_pagelayer_content":"","footnotes":""},"class_list":["post-3210","page","type-page","status-publish","hentry"],"_links":{"self":[{"href":"https:\/\/dev.mbhi.com.br\/angelica\/wp-json\/wp\/v2\/pages\/3210","targetHints":{"allow":["GET"]}}],"collection":[{"href":"https:\/\/dev.mbhi.com.br\/angelica\/wp-json\/wp\/v2\/pages"}],"about":[{"href":"https:\/\/dev.mbhi.com.br\/angelica\/wp-json\/wp\/v2\/types\/page"}],"author":[{"embeddable":true,"href":"https:\/\/dev.mbhi.com.br\/angelica\/wp-json\/wp\/v2\/users\/1"}],"replies":[{"embeddable":true,"href":"https:\/\/dev.mbhi.com.br\/angelica\/wp-json\/wp\/v2\/comments?post=3210"}],"version-history":[{"count":178,"href":"https:\/\/dev.mbhi.com.br\/angelica\/wp-json\/wp\/v2\/pages\/3210\/revisions"}],"predecessor-version":[{"id":5261,"href":"https:\/\/dev.mbhi.com.br\/angelica\/wp-json\/wp\/v2\/pages\/3210\/revisions\/5261"}],"wp:attachment":[{"href":"https:\/\/dev.mbhi.com.br\/angelica\/wp-json\/wp\/v2\/media?parent=3210"}],"curies":[{"name":"wp","href":"https:\/\/api.w.org\/{rel}","templated":true}]}}