{"id":5725,"date":"2026-02-10T23:06:49","date_gmt":"2026-02-10T23:06:49","guid":{"rendered":"https:\/\/dev.mbhi.com.br\/angelica\/?page_id=5725"},"modified":"2026-02-11T07:03:06","modified_gmt":"2026-02-11T07:03:06","slug":"braquioplastia","status":"publish","type":"page","link":"https:\/\/dev.mbhi.com.br\/angelica\/braquioplastia\/","title":{"rendered":"Braquioplastia"},"content":{"rendered":"\t\t<div data-elementor-type=\"wp-page\" data-elementor-id=\"5725\" class=\"elementor elementor-5725\" data-elementor-post-type=\"page\">\n\t\t\t\t<div class=\"elementor-element elementor-element-78b9944 e-flex e-con-boxed e-con e-parent\" data-id=\"78b9944\" data-element_type=\"container\" data-e-type=\"container\" data-settings=\"{&quot;background_background&quot;:&quot;classic&quot;}\">\n\t\t\t\t\t<div class=\"e-con-inner\">\n\t\t<div class=\"elementor-element elementor-element-65b52f2 e-con-full e-flex e-con e-child\" data-id=\"65b52f2\" data-element_type=\"container\" data-e-type=\"container\">\n\t\t\t\t<div class=\"elementor-element elementor-element-f49a8a6 elementor-widget__width-inherit elementor-widget elementor-widget-heading\" data-id=\"f49a8a6\" data-element_type=\"widget\" data-e-type=\"widget\" data-settings=\"{&quot;ekit_we_effect_on&quot;:&quot;none&quot;}\" data-widget_type=\"heading.default\">\n\t\t\t\t\t<h2 class=\"elementor-heading-title elementor-size-default\">Braquioplastia<\/h2>\t\t\t\t<\/div>\n\t\t\t\t<div class=\"elementor-element elementor-element-fb13417 elementor-widget__width-inherit elementor-widget elementor-widget-text-editor\" data-id=\"fb13417\" data-element_type=\"widget\" data-e-type=\"widget\" data-settings=\"{&quot;ekit_we_effect_on&quot;:&quot;none&quot;}\" data-widget_type=\"text-editor.default\">\n\t\t\t\t\t\t\t\t\t<p>A cirurgia para remodelar os bra\u00e7os<\/p>\t\t\t\t\t\t\t\t<\/div>\n\t\t\t\t<\/div>\n\t\t\t\t\t<\/div>\n\t\t\t\t<\/div>\n\t\t<div class=\"elementor-element elementor-element-011857d e-flex e-con-boxed e-con e-parent\" data-id=\"011857d\" data-element_type=\"container\" data-e-type=\"container\" data-settings=\"{&quot;background_background&quot;:&quot;classic&quot;,&quot;shape_divider_bottom&quot;:&quot;curve-asymmetrical&quot;,&quot;shape_divider_bottom_negative&quot;:&quot;yes&quot;}\">\n\t\t\t\t\t<div class=\"e-con-inner\">\n\t\t\t\t<div class=\"elementor-shape elementor-shape-bottom\" aria-hidden=\"true\" data-negative=\"true\">\n\t\t\t<svg xmlns=\"http:\/\/www.w3.org\/2000\/svg\" viewBox=\"0 0 1000 100\" preserveAspectRatio=\"none\">\n\t<path class=\"elementor-shape-fill\" d=\"M615.2,96.7C240.2,97.8,0,18.9,0,0v100h1000V0C1000,19.2,989.8,96,615.2,96.7z\"\/>\n<\/svg>\t\t<\/div>\n\t\t<div class=\"elementor-element elementor-element-55ffbd0 e-con-full e-flex elementor-invisible e-con e-child\" data-id=\"55ffbd0\" data-element_type=\"container\" data-e-type=\"container\" data-settings=\"{&quot;animation&quot;:&quot;fadeInUp&quot;}\">\n\t\t\t\t<div class=\"elementor-element elementor-element-759c269 elementor-widget elementor-widget-text-editor\" data-id=\"759c269\" data-element_type=\"widget\" data-e-type=\"widget\" data-settings=\"{&quot;ekit_we_effect_on&quot;:&quot;none&quot;}\" data-widget_type=\"text-editor.default\">\n\t\t\t\t\t\t\t\t\t<p><em>Este procedimento tem como objetivo principal remover o excesso de pele e gordura, resultando em bra\u00e7os mais firmes, tonificados e proporcionais ao restante do corpo<\/em><\/p>\t\t\t\t\t\t\t\t<\/div>\n\t\t\t\t<div class=\"elementor-element elementor-element-5bf6148 elementor-widget elementor-widget-text-editor\" data-id=\"5bf6148\" data-element_type=\"widget\" data-e-type=\"widget\" data-settings=\"{&quot;ekit_we_effect_on&quot;:&quot;none&quot;}\" data-widget_type=\"text-editor.default\">\n\t\t\t\t\t\t\t\t\t<p>A flacidez na parte interna dos bra\u00e7os \u00e9 uma queixa comum, muitas vezes resistente a dietas e exerc\u00edcios f\u00edsicos. Quando a pele perde sua elasticidade, formando um excesso que balan\u00e7a \u2013 popularmente chamado de \u201ctchauzinho\u201d ou \u201casa de morcego\u201d.\u00a0 A braquioplastia surge como a solu\u00e7\u00e3o cir\u00fargica definitiva para remodelar o contorno dos bra\u00e7os.<\/p>\t\t\t\t\t\t\t\t<\/div>\n\t\t<div class=\"elementor-element elementor-element-4b48757 e-con-full e-flex e-con e-child\" data-id=\"4b48757\" data-element_type=\"container\" data-e-type=\"container\">\n\t\t\t\t<div class=\"elementor-element elementor-element-feecb9a elementor-widget__width-inherit elementor-widget-mobile__width-inherit elementor-widget elementor-widget-text-editor\" data-id=\"feecb9a\" data-element_type=\"widget\" data-e-type=\"widget\" data-settings=\"{&quot;ekit_we_effect_on&quot;:&quot;none&quot;}\" data-widget_type=\"text-editor.default\">\n\t\t\t\t\t\t\t\t\t<p>A braquioplastia \u00e9 um procedimento cir\u00fargico realizado com o objetivo de reduzir a flacidez na regi\u00e3o do bra\u00e7o que se estende do cotovelo at\u00e9 a axila.<\/p><p>\u00a0A interven\u00e7\u00e3o remove o excesso de pele e, quando necess\u00e1rio, uma quantidade de gordura localizada, apertando e reposicionando os tecidos remanescentes.<\/p><p>\u00c9 importante entender que a cirurgia \u00e9 voltada principalmente para a corre\u00e7\u00e3o da pele fl\u00e1cida. Para casos onde h\u00e1 predominantemente ac\u00famulo de gordura sem grande excesso de pele, a lipoaspira\u00e7\u00e3o ou a lipoescultura dos bra\u00e7os podem ser op\u00e7\u00f5es mais indicadas e menos invasivas.<\/p>\t\t\t\t\t\t\t\t<\/div>\n\t\t\t\t<\/div>\n\t\t\t\t<div class=\"elementor-element elementor-element-cbf832e elementor-widget__width-initial elementor-widget elementor-widget-image\" data-id=\"cbf832e\" data-element_type=\"widget\" data-e-type=\"widget\" data-settings=\"{&quot;ekit_we_effect_on&quot;:&quot;none&quot;}\" data-widget_type=\"image.default\">\n\t\t\t\t\t\t\t\t\t\t\t\t\t\t\t<img fetchpriority=\"high\" decoding=\"async\" width=\"500\" height=\"500\" src=\"https:\/\/dev.mbhi.com.br\/angelica\/wp-content\/uploads\/2026\/02\/nv5.jpg\" class=\"attachment-full size-full wp-image-6167\" alt=\"\" srcset=\"https:\/\/dev.mbhi.com.br\/angelica\/wp-content\/uploads\/2026\/02\/nv5.jpg 500w, https:\/\/dev.mbhi.com.br\/angelica\/wp-content\/uploads\/2026\/02\/nv5-300x300.jpg 300w, https:\/\/dev.mbhi.com.br\/angelica\/wp-content\/uploads\/2026\/02\/nv5-150x150.jpg 150w\" sizes=\"(max-width: 500px) 100vw, 500px\" \/>\t\t\t\t\t\t\t\t\t\t\t\t\t\t\t<\/div>\n\t\t\t\t<\/div>\n\t\t\t\t\t<\/div>\n\t\t\t\t<\/div>\n\t\t<div class=\"elementor-element elementor-element-3ac613d2 e-flex e-con-boxed e-con e-parent\" data-id=\"3ac613d2\" data-element_type=\"container\" data-e-type=\"container\" id=\"apply-sec-features\" data-settings=\"{&quot;background_background&quot;:&quot;classic&quot;,&quot;shape_divider_top&quot;:&quot;curve&quot;,&quot;shape_divider_top_negative&quot;:&quot;yes&quot;,&quot;shape_divider_bottom&quot;:&quot;mountains&quot;}\">\n\t\t\t\t\t<div class=\"e-con-inner\">\n\t\t\t\t<div class=\"elementor-shape elementor-shape-top\" aria-hidden=\"true\" data-negative=\"true\">\n\t\t\t<svg xmlns=\"http:\/\/www.w3.org\/2000\/svg\" viewBox=\"0 0 1000 100\" preserveAspectRatio=\"none\">\n\t<path class=\"elementor-shape-fill\" d=\"M500,97C126.7,96.3,0.8,19.8,0,0v100l1000,0V1C1000,19.4,873.3,97.8,500,97z\"\/>\n<\/svg>\t\t<\/div>\n\t\t\t\t<div class=\"elementor-shape elementor-shape-bottom\" aria-hidden=\"true\" data-negative=\"false\">\n\t\t\t<svg xmlns=\"http:\/\/www.w3.org\/2000\/svg\" viewBox=\"0 0 1000 100\" preserveAspectRatio=\"none\">\n\t<path class=\"elementor-shape-fill\" opacity=\"0.33\" d=\"M473,67.3c-203.9,88.3-263.1-34-320.3,0C66,119.1,0,59.7,0,59.7V0h1000v59.7 c0,0-62.1,26.1-94.9,29.3c-32.8,3.3-62.8-12.3-75.8-22.1C806,49.6,745.3,8.7,694.9,4.7S492.4,59,473,67.3z\"\/>\n\t<path class=\"elementor-shape-fill\" opacity=\"0.66\" d=\"M734,67.3c-45.5,0-77.2-23.2-129.1-39.1c-28.6-8.7-150.3-10.1-254,39.1 s-91.7-34.4-149.2,0C115.7,118.3,0,39.8,0,39.8V0h1000v36.5c0,0-28.2-18.5-92.1-18.5C810.2,18.1,775.7,67.3,734,67.3z\"\/>\n\t<path class=\"elementor-shape-fill\" d=\"M766.1,28.9c-200-57.5-266,65.5-395.1,19.5C242,1.8,242,5.4,184.8,20.6C128,35.8,132.3,44.9,89.9,52.5C28.6,63.7,0,0,0,0 h1000c0,0-9.9,40.9-83.6,48.1S829.6,47,766.1,28.9z\"\/>\n<\/svg>\t\t<\/div>\n\t\t<div class=\"elementor-element elementor-element-e792560 e-con-full e-flex e-con e-child\" data-id=\"e792560\" data-element_type=\"container\" data-e-type=\"container\">\n\t\t<div class=\"elementor-element elementor-element-7c4f657 e-con-full e-flex e-con e-child\" data-id=\"7c4f657\" data-element_type=\"container\" data-e-type=\"container\">\n\t\t\t\t<div class=\"elementor-element elementor-element-9e333e6 elementor-widget-mobile__width-inherit elementor-widget__width-inherit elementor-widget elementor-widget-heading\" data-id=\"9e333e6\" data-element_type=\"widget\" data-e-type=\"widget\" data-settings=\"{&quot;ekit_we_effect_on&quot;:&quot;none&quot;}\" data-widget_type=\"heading.default\">\n\t\t\t\t\t<h2 class=\"elementor-heading-title elementor-size-default\">Para quem a cirurgia de bra\u00e7o \u00e9 indicada<\/h2>\t\t\t\t<\/div>\n\t\t\t\t<div class=\"elementor-element elementor-element-bba24d8 elementor-widget__width-inherit elementor-widget-mobile__width-inherit elementor-widget elementor-widget-text-editor\" data-id=\"bba24d8\" data-element_type=\"widget\" data-e-type=\"widget\" data-settings=\"{&quot;ekit_we_effect_on&quot;:&quot;none&quot;}\" data-widget_type=\"text-editor.default\">\n\t\t\t\t\t\t\t\t\t<p>A braquioplastia \u00e9 ideal para pacientes que apresentam um excesso significativo de pele na regi\u00e3o interna dos bra\u00e7os, que n\u00e3o se firma com atividades f\u00edsicas. Os candidatos t\u00edpicos incluem:<\/p>\t\t\t\t\t\t\t\t<\/div>\n\t\t\t\t<\/div>\n\t\t<div class=\"elementor-element elementor-element-2135489 e-con-full e-flex e-con e-child\" data-id=\"2135489\" data-element_type=\"container\" data-e-type=\"container\">\n\t\t<div class=\"elementor-element elementor-element-e69a16b e-con-full e-flex e-con e-child\" data-id=\"e69a16b\" data-element_type=\"container\" data-e-type=\"container\">\n\t\t\t\t<div class=\"elementor-element elementor-element-813f3ee elementor-align-start elementor-widget__width-initial elementor-icon-list--layout-traditional elementor-list-item-link-full_width elementor-widget elementor-widget-icon-list\" data-id=\"813f3ee\" data-element_type=\"widget\" data-e-type=\"widget\" data-settings=\"{&quot;ekit_we_effect_on&quot;:&quot;none&quot;}\" data-widget_type=\"icon-list.default\">\n\t\t\t\t\t\t\t<ul class=\"elementor-icon-list-items\">\n\t\t\t\t\t\t\t<li class=\"elementor-icon-list-item\">\n\t\t\t\t\t\t\t\t\t\t\t<span class=\"elementor-icon-list-icon\">\n\t\t\t\t\t\t\t<i aria-hidden=\"true\" class=\"icon icon-checkmark-circle\"><\/i>\t\t\t\t\t\t<\/span>\n\t\t\t\t\t\t\t\t\t\t<span class=\"elementor-icon-list-text\">Indiv\u00edduos que sofreram uma perda de peso substancial, seja por m\u00e9todos naturais ou ap\u00f3s cirurgia bari\u00e1trica, e que ficaram com uma grande quantidade de pele fl\u00e1cida e ressequida nos bra\u00e7os<\/span>\n\t\t\t\t\t\t\t\t\t<\/li>\n\t\t\t\t\t\t\t\t<li class=\"elementor-icon-list-item\">\n\t\t\t\t\t\t\t\t\t\t\t<span class=\"elementor-icon-list-icon\">\n\t\t\t\t\t\t\t<i aria-hidden=\"true\" class=\"icon icon-checkmark-circle\"><\/i>\t\t\t\t\t\t<\/span>\n\t\t\t\t\t\t\t\t\t\t<span class=\"elementor-icon-list-text\">Pessoas que, com o processo natural de envelhecimento, observaram uma perda acentuada da elasticidade da pele, resultando em flacidez e queda dos tecidos<\/span>\n\t\t\t\t\t\t\t\t\t<\/li>\n\t\t\t\t\t\t\t\t<li class=\"elementor-icon-list-item\">\n\t\t\t\t\t\t\t\t\t\t\t<span class=\"elementor-icon-list-icon\">\n\t\t\t\t\t\t\t<i aria-hidden=\"true\" class=\"icon icon-checkmark-circle\"><\/i>\t\t\t\t\t\t<\/span>\n\t\t\t\t\t\t\t\t\t\t<span class=\"elementor-icon-list-text\">Aquelas que t\u00eam uma predisposi\u00e7\u00e3o gen\u00e9tica para acumular gordura e pele fl\u00e1cida nessa regi\u00e3o espec\u00edfica, independentemente do peso<\/span>\n\t\t\t\t\t\t\t\t\t<\/li>\n\t\t\t\t\t\t\t\t<li class=\"elementor-icon-list-item\">\n\t\t\t\t\t\t\t\t\t\t\t<span class=\"elementor-icon-list-icon\">\n\t\t\t\t\t\t\t<i aria-hidden=\"true\" class=\"icon icon-checkmark-circle\"><\/i>\t\t\t\t\t\t<\/span>\n\t\t\t\t\t\t\t\t\t\t<span class=\"elementor-icon-list-text\">O paciente ideal deve estar com o peso est\u00e1vel, ser saud\u00e1vel, n\u00e3o fumar e ter expectativas realistas sobre os resultados e o processo de cicatriza\u00e7\u00e3o<\/span>\n\t\t\t\t\t\t\t\t\t<\/li>\n\t\t\t\t\t\t<\/ul>\n\t\t\t\t\t\t<\/div>\n\t\t\t\t<\/div>\n\t\t\t\t<\/div>\n\t\t\t\t<div class=\"elementor-element elementor-element-7c65bf7 elementor-widget-mobile__width-inherit elementor-widget__width-inherit elementor-widget elementor-widget-heading\" data-id=\"7c65bf7\" data-element_type=\"widget\" data-e-type=\"widget\" data-settings=\"{&quot;ekit_we_effect_on&quot;:&quot;none&quot;}\" data-widget_type=\"heading.default\">\n\t\t\t\t\t<h2 class=\"elementor-heading-title elementor-size-default\">Como \u00e9 realizada a braquioplastia<\/h2>\t\t\t\t<\/div>\n\t\t\t\t<div class=\"elementor-element elementor-element-ef3abfd elementor-widget__width-inherit elementor-widget-mobile__width-inherit elementor-widget elementor-widget-text-editor\" data-id=\"ef3abfd\" data-element_type=\"widget\" data-e-type=\"widget\" data-settings=\"{&quot;ekit_we_effect_on&quot;:&quot;none&quot;}\" data-widget_type=\"text-editor.default\">\n\t\t\t\t\t\t\t\t\t<p>A t\u00e9cnica cir\u00fargica mais comum envolve uma incis\u00e3o que percorre a parte interna do bra\u00e7o, podendo se estender desde a axila at\u00e9 pr\u00f3ximo ao cotovelo, dependendo da quantidade de pele a ser removida.<\/p>\t\t\t\t\t\t\t\t<\/div>\n\t\t\t\t<div class=\"elementor-element elementor-element-59f2c53 elementor-widget__width-initial elementor-widget elementor-widget-image\" data-id=\"59f2c53\" data-element_type=\"widget\" data-e-type=\"widget\" data-settings=\"{&quot;ekit_we_effect_on&quot;:&quot;none&quot;}\" data-widget_type=\"image.default\">\n\t\t\t\t\t\t\t\t\t\t\t\t\t\t\t<img decoding=\"async\" width=\"500\" height=\"500\" src=\"https:\/\/dev.mbhi.com.br\/angelica\/wp-content\/uploads\/2026\/02\/nv6.jpg\" class=\"attachment-full size-full wp-image-6169\" alt=\"\" srcset=\"https:\/\/dev.mbhi.com.br\/angelica\/wp-content\/uploads\/2026\/02\/nv6.jpg 500w, https:\/\/dev.mbhi.com.br\/angelica\/wp-content\/uploads\/2026\/02\/nv6-300x300.jpg 300w, https:\/\/dev.mbhi.com.br\/angelica\/wp-content\/uploads\/2026\/02\/nv6-150x150.jpg 150w\" sizes=\"(max-width: 500px) 100vw, 500px\" \/>\t\t\t\t\t\t\t\t\t\t\t\t\t\t\t<\/div>\n\t\t\t\t<div class=\"elementor-element elementor-element-358701f elementor-widget__width-initial elementor-widget-mobile__width-inherit elementor-widget elementor-widget-text-editor\" data-id=\"358701f\" data-element_type=\"widget\" data-e-type=\"widget\" data-settings=\"{&quot;ekit_we_effect_on&quot;:&quot;none&quot;}\" data-widget_type=\"text-editor.default\">\n\t\t\t\t\t\t\t\t\t<p>O cirurgi\u00e3o pl\u00e1stico ent\u00e3o remove uma faixa de pele e tecido gorduroso, realiza uma sutura interna para dar suporte e, finalmente, fecha a incis\u00e3o com pontos. Um dos focos principais \u00e9 posicionar a cicatriz na face medial do bra\u00e7o (a parte de dentro), onde ela fica menos vis\u00edvel quando os bra\u00e7os est\u00e3o ao lado do corpo.<\/p><p>Em muitos casos, a braquioplastia \u00e9 combinada com a lipoaspira\u00e7\u00e3o da mesma regi\u00e3o para otimizar o contorno e remover gordura localizada antes da retirada da pele.<\/p>\t\t\t\t\t\t\t\t<\/div>\n\t\t<div class=\"elementor-element elementor-element-39e6131 e-con-full e-flex e-con e-child\" data-id=\"39e6131\" data-element_type=\"container\" data-e-type=\"container\" data-settings=\"{&quot;background_background&quot;:&quot;classic&quot;}\">\n\t\t<div class=\"elementor-element elementor-element-444274a e-con-full e-flex e-con e-child\" data-id=\"444274a\" data-element_type=\"container\" data-e-type=\"container\">\n\t\t\t\t<div class=\"elementor-element elementor-element-070787c elementor-widget-mobile__width-inherit elementor-widget elementor-widget-heading\" data-id=\"070787c\" data-element_type=\"widget\" data-e-type=\"widget\" data-settings=\"{&quot;ekit_we_effect_on&quot;:&quot;none&quot;}\" data-widget_type=\"heading.default\">\n\t\t\t\t\t<h2 class=\"elementor-heading-title elementor-size-default\">Recupera\u00e7\u00e3o e cuidados p\u00f3s-operat\u00f3rios<\/h2>\t\t\t\t<\/div>\n\t\t\t\t<div class=\"elementor-element elementor-element-e784ad4 elementor-widget__width-inherit elementor-widget elementor-widget-text-editor\" data-id=\"e784ad4\" data-element_type=\"widget\" data-e-type=\"widget\" data-settings=\"{&quot;ekit_we_effect_on&quot;:&quot;none&quot;}\" data-widget_type=\"text-editor.default\">\n\t\t\t\t\t\t\t\t\t<p>O p\u00f3s-operat\u00f3rio da braquioplastia exige planejamento.<\/p><p>O uso de uma cinta compressora espec\u00edfica para os bra\u00e7os \u00e9 fundamental por v\u00e1rias semanas para reduzir o edema, dar suporte e moldar o novo contorno.<\/p><p>\u00c9 preciso evitar levantar pesos ou fazer esfor\u00e7o com os membros superiores por pelo menos um m\u00eas.<\/p>\t\t\t\t\t\t\t\t<\/div>\n\t\t\t\t<div class=\"elementor-element elementor-element-0a6ec95 elementor-widget__width-inherit elementor-widget elementor-widget-text-editor\" data-id=\"0a6ec95\" data-element_type=\"widget\" data-e-type=\"widget\" data-settings=\"{&quot;ekit_we_effect_on&quot;:&quot;none&quot;}\" data-widget_type=\"text-editor.default\">\n\t\t\t\t\t\t\t\t\t<p>O retorno \u00e0s atividades laborais n\u00e3o f\u00edsicas pode ocorrer em 1 a 2 semanas. A exposi\u00e7\u00e3o solar direta na cicatriz deve ser rigorosamente evitada por muitos meses, usando protetor solar de alto fator para que ela cicatrize da forma mais discreta poss\u00edvel.<\/p>\t\t\t\t\t\t\t\t<\/div>\n\t\t\t\t<\/div>\n\t\t\t\t<\/div>\n\t\t\t\t<\/div>\n\t\t\t\t\t<\/div>\n\t\t\t\t<\/div>\n\t\t<div class=\"elementor-element elementor-element-4d2382b e-flex e-con-boxed e-con e-parent\" data-id=\"4d2382b\" data-element_type=\"container\" data-e-type=\"container\" data-settings=\"{&quot;background_background&quot;:&quot;classic&quot;,&quot;shape_divider_top&quot;:&quot;curve&quot;,&quot;shape_divider_top_negative&quot;:&quot;yes&quot;,&quot;shape_divider_bottom&quot;:&quot;curve-asymmetrical&quot;,&quot;shape_divider_bottom_negative&quot;:&quot;yes&quot;}\">\n\t\t\t\t\t<div class=\"e-con-inner\">\n\t\t\t\t<div class=\"elementor-shape elementor-shape-top\" aria-hidden=\"true\" data-negative=\"true\">\n\t\t\t<svg xmlns=\"http:\/\/www.w3.org\/2000\/svg\" viewBox=\"0 0 1000 100\" preserveAspectRatio=\"none\">\n\t<path class=\"elementor-shape-fill\" d=\"M500,97C126.7,96.3,0.8,19.8,0,0v100l1000,0V1C1000,19.4,873.3,97.8,500,97z\"\/>\n<\/svg>\t\t<\/div>\n\t\t\t\t<div class=\"elementor-shape elementor-shape-bottom\" aria-hidden=\"true\" data-negative=\"true\">\n\t\t\t<svg xmlns=\"http:\/\/www.w3.org\/2000\/svg\" viewBox=\"0 0 1000 100\" preserveAspectRatio=\"none\">\n\t<path class=\"elementor-shape-fill\" d=\"M615.2,96.7C240.2,97.8,0,18.9,0,0v100h1000V0C1000,19.2,989.8,96,615.2,96.7z\"\/>\n<\/svg>\t\t<\/div>\n\t\t<div class=\"elementor-element elementor-element-a5c143d e-con-full e-flex e-con e-child\" data-id=\"a5c143d\" data-element_type=\"container\" data-e-type=\"container\">\n\t\t\t\t<div class=\"elementor-element elementor-element-6f57d1d elementor-widget-mobile__width-inherit elementor-widget__width-inherit elementor-widget elementor-widget-heading\" data-id=\"6f57d1d\" data-element_type=\"widget\" data-e-type=\"widget\" data-settings=\"{&quot;ekit_we_effect_on&quot;:&quot;none&quot;}\" data-widget_type=\"heading.default\">\n\t\t\t\t\t<h2 class=\"elementor-heading-title elementor-size-default\">Aspectos importantes sobre as cicatrizes de braquioplastia <\/h2>\t\t\t\t<\/div>\n\t\t<div class=\"elementor-element elementor-element-89c60e7 e-con-full e-flex e-con e-child\" data-id=\"89c60e7\" data-element_type=\"container\" data-e-type=\"container\" data-settings=\"{&quot;background_background&quot;:&quot;classic&quot;}\">\n\t\t\t\t<div class=\"elementor-element elementor-element-e29d733 elementor-widget__width-initial elementor-widget elementor-widget-image\" data-id=\"e29d733\" data-element_type=\"widget\" data-e-type=\"widget\" data-settings=\"{&quot;ekit_we_effect_on&quot;:&quot;none&quot;}\" data-widget_type=\"image.default\">\n\t\t\t\t\t\t\t\t\t\t\t\t\t\t\t<img decoding=\"async\" width=\"500\" height=\"500\" src=\"https:\/\/dev.mbhi.com.br\/angelica\/wp-content\/uploads\/2026\/02\/nv7.jpg\" class=\"attachment-full size-full wp-image-6170\" alt=\"\" srcset=\"https:\/\/dev.mbhi.com.br\/angelica\/wp-content\/uploads\/2026\/02\/nv7.jpg 500w, https:\/\/dev.mbhi.com.br\/angelica\/wp-content\/uploads\/2026\/02\/nv7-300x300.jpg 300w, https:\/\/dev.mbhi.com.br\/angelica\/wp-content\/uploads\/2026\/02\/nv7-150x150.jpg 150w\" sizes=\"(max-width: 500px) 100vw, 500px\" \/>\t\t\t\t\t\t\t\t\t\t\t\t\t\t\t<\/div>\n\t\t\t\t<div class=\"elementor-element elementor-element-84fa908 elementor-widget__width-inherit elementor-widget-mobile__width-inherit elementor-widget elementor-widget-text-editor\" data-id=\"84fa908\" data-element_type=\"widget\" data-e-type=\"widget\" data-settings=\"{&quot;ekit_we_effect_on&quot;:&quot;none&quot;}\" data-widget_type=\"text-editor.default\">\n\t\t\t\t\t\t\t\t\t<p>A cicatriz da braquioplastia \u00e9 longa e \u00e9 uma considera\u00e7\u00e3o fundamental no procedimento. Um cirurgi\u00e3o pl\u00e1stico experiente busca sempre posicion\u00e1-la na \u00e1rea menos vis\u00edvel.<\/p>\t\t\t\t\t\t\t\t<\/div>\n\t\t\t\t<\/div>\n\t\t<div class=\"elementor-element elementor-element-f9bd238 e-con-full e-flex e-con e-child\" data-id=\"f9bd238\" data-element_type=\"container\" data-e-type=\"container\" data-settings=\"{&quot;background_background&quot;:&quot;classic&quot;}\">\n\t\t\t\t<div class=\"elementor-element elementor-element-0a4b0c2 elementor-widget__width-initial elementor-hidden-tablet elementor-hidden-mobile elementor-widget elementor-widget-image\" data-id=\"0a4b0c2\" data-element_type=\"widget\" data-e-type=\"widget\" data-settings=\"{&quot;ekit_we_effect_on&quot;:&quot;none&quot;}\" data-widget_type=\"image.default\">\n\t\t\t\t\t\t\t\t\t\t\t\t\t\t\t<img loading=\"lazy\" decoding=\"async\" width=\"500\" height=\"500\" src=\"https:\/\/dev.mbhi.com.br\/angelica\/wp-content\/uploads\/2026\/02\/nv8.jpg\" class=\"attachment-full size-full wp-image-6171\" alt=\"\" srcset=\"https:\/\/dev.mbhi.com.br\/angelica\/wp-content\/uploads\/2026\/02\/nv8.jpg 500w, https:\/\/dev.mbhi.com.br\/angelica\/wp-content\/uploads\/2026\/02\/nv8-300x300.jpg 300w, https:\/\/dev.mbhi.com.br\/angelica\/wp-content\/uploads\/2026\/02\/nv8-150x150.jpg 150w\" sizes=\"(max-width: 500px) 100vw, 500px\" \/>\t\t\t\t\t\t\t\t\t\t\t\t\t\t\t<\/div>\n\t\t\t\t<div class=\"elementor-element elementor-element-5f45b91 elementor-widget__width-inherit elementor-widget-mobile__width-inherit elementor-widget elementor-widget-text-editor\" data-id=\"5f45b91\" data-element_type=\"widget\" data-e-type=\"widget\" data-settings=\"{&quot;ekit_we_effect_on&quot;:&quot;none&quot;}\" data-widget_type=\"text-editor.default\">\n\t\t\t\t\t\t\t\t\t<p>Inicialmente, a cicatriz ser\u00e1 avermelhada e mais elevada, mas com os cuidados adequados: como massagem com cremes espec\u00edficos, prote\u00e7\u00e3o solar absoluta e paci\u00eancia, tende a clarear e a ficar mais plana ao longo de 12 a 18 meses.<\/p>\t\t\t\t\t\t\t\t<\/div>\n\t\t\t\t<\/div>\n\t\t\t\t<div class=\"elementor-element elementor-element-2210ac1 elementor-widget__width-initial elementor-widget-mobile__width-inherit elementor-widget elementor-widget-text-editor\" data-id=\"2210ac1\" data-element_type=\"widget\" data-e-type=\"widget\" data-settings=\"{&quot;ekit_we_effect_on&quot;:&quot;none&quot;}\" data-widget_type=\"text-editor.default\">\n\t\t\t\t\t\t\t\t\t<p>Ter uma expectativa realista sobre a apar\u00eancia e a evolu\u00e7\u00e3o da cicatriz \u00e9 parte essencial do processo decis\u00f3rio.<\/p>\t\t\t\t\t\t\t\t<\/div>\n\t\t\t\t<\/div>\n\t\t\t\t\t<\/div>\n\t\t\t\t<\/div>\n\t\t\t\t<\/div>\n\t\t","protected":false},"excerpt":{"rendered":"<p>Braquioplastia A cirurgia para remodelar os bra\u00e7os Este procedimento tem como objetivo principal remover o excesso de pele e gordura, resultando em bra\u00e7os mais firmes, tonificados e proporcionais ao restante do corpo A flacidez na parte interna dos bra\u00e7os \u00e9 uma queixa comum, muitas vezes resistente a dietas e exerc\u00edcios f\u00edsicos. Quando a pele perde [&hellip;]<\/p>\n","protected":false},"author":1,"featured_media":0,"parent":0,"menu_order":0,"comment_status":"closed","ping_status":"closed","template":"","meta":{"pagelayer_contact_templates":[],"_pagelayer_content":"","footnotes":""},"class_list":["post-5725","page","type-page","status-publish","hentry"],"_links":{"self":[{"href":"https:\/\/dev.mbhi.com.br\/angelica\/wp-json\/wp\/v2\/pages\/5725","targetHints":{"allow":["GET"]}}],"collection":[{"href":"https:\/\/dev.mbhi.com.br\/angelica\/wp-json\/wp\/v2\/pages"}],"about":[{"href":"https:\/\/dev.mbhi.com.br\/angelica\/wp-json\/wp\/v2\/types\/page"}],"author":[{"embeddable":true,"href":"https:\/\/dev.mbhi.com.br\/angelica\/wp-json\/wp\/v2\/users\/1"}],"replies":[{"embeddable":true,"href":"https:\/\/dev.mbhi.com.br\/angelica\/wp-json\/wp\/v2\/comments?post=5725"}],"version-history":[{"count":58,"href":"https:\/\/dev.mbhi.com.br\/angelica\/wp-json\/wp\/v2\/pages\/5725\/revisions"}],"predecessor-version":[{"id":6306,"href":"https:\/\/dev.mbhi.com.br\/angelica\/wp-json\/wp\/v2\/pages\/5725\/revisions\/6306"}],"wp:attachment":[{"href":"https:\/\/dev.mbhi.com.br\/angelica\/wp-json\/wp\/v2\/media?parent=5725"}],"curies":[{"name":"wp","href":"https:\/\/api.w.org\/{rel}","templated":true}]}}