{"id":5764,"date":"2026-02-10T23:41:20","date_gmt":"2026-02-10T23:41:20","guid":{"rendered":"https:\/\/dev.mbhi.com.br\/angelica\/?page_id=5764"},"modified":"2026-02-11T07:38:28","modified_gmt":"2026-02-11T07:38:28","slug":"capuzplastia","status":"publish","type":"page","link":"https:\/\/dev.mbhi.com.br\/angelica\/capuzplastia\/","title":{"rendered":"Capuzplastia"},"content":{"rendered":"\t\t<div data-elementor-type=\"wp-page\" data-elementor-id=\"5764\" class=\"elementor elementor-5764\" data-elementor-post-type=\"page\">\n\t\t\t\t<div class=\"elementor-element elementor-element-78b9944 e-flex e-con-boxed e-con e-parent\" data-id=\"78b9944\" data-element_type=\"container\" data-e-type=\"container\" data-settings=\"{&quot;background_background&quot;:&quot;classic&quot;}\">\n\t\t\t\t\t<div class=\"e-con-inner\">\n\t\t<div class=\"elementor-element elementor-element-65b52f2 e-con-full e-flex e-con e-child\" data-id=\"65b52f2\" data-element_type=\"container\" data-e-type=\"container\">\n\t\t\t\t<div class=\"elementor-element elementor-element-f49a8a6 elementor-widget__width-inherit elementor-widget elementor-widget-heading\" data-id=\"f49a8a6\" data-element_type=\"widget\" data-e-type=\"widget\" data-settings=\"{&quot;ekit_we_effect_on&quot;:&quot;none&quot;}\" data-widget_type=\"heading.default\">\n\t\t\t\t\t<h2 class=\"elementor-heading-title elementor-size-default\">Capuzplastia<\/h2>\t\t\t\t<\/div>\n\t\t\t\t<div class=\"elementor-element elementor-element-fb13417 elementor-widget__width-inherit elementor-widget elementor-widget-text-editor\" data-id=\"fb13417\" data-element_type=\"widget\" data-e-type=\"widget\" data-settings=\"{&quot;ekit_we_effect_on&quot;:&quot;none&quot;}\" data-widget_type=\"text-editor.default\">\n\t\t\t\t\t\t\t\t\t<p>A cirurgia de redu\u00e7\u00e3o do capuz clitoriano<\/p>\t\t\t\t\t\t\t\t<\/div>\n\t\t\t\t<\/div>\n\t\t\t\t\t<\/div>\n\t\t\t\t<\/div>\n\t\t<div class=\"elementor-element elementor-element-011857d e-flex e-con-boxed e-con e-parent\" data-id=\"011857d\" data-element_type=\"container\" data-e-type=\"container\" data-settings=\"{&quot;background_background&quot;:&quot;classic&quot;,&quot;shape_divider_bottom&quot;:&quot;curve-asymmetrical&quot;,&quot;shape_divider_bottom_negative&quot;:&quot;yes&quot;}\">\n\t\t\t\t\t<div class=\"e-con-inner\">\n\t\t\t\t<div class=\"elementor-shape elementor-shape-bottom\" aria-hidden=\"true\" data-negative=\"true\">\n\t\t\t<svg xmlns=\"http:\/\/www.w3.org\/2000\/svg\" viewBox=\"0 0 1000 100\" preserveAspectRatio=\"none\">\n\t<path class=\"elementor-shape-fill\" d=\"M615.2,96.7C240.2,97.8,0,18.9,0,0v100h1000V0C1000,19.2,989.8,96,615.2,96.7z\"\/>\n<\/svg>\t\t<\/div>\n\t\t<div class=\"elementor-element elementor-element-55ffbd0 e-con-full e-flex elementor-invisible e-con e-child\" data-id=\"55ffbd0\" data-element_type=\"container\" data-e-type=\"container\" data-settings=\"{&quot;animation&quot;:&quot;fadeInUp&quot;}\">\n\t\t\t\t<div class=\"elementor-element elementor-element-759c269 elementor-widget elementor-widget-text-editor\" data-id=\"759c269\" data-element_type=\"widget\" data-e-type=\"widget\" data-settings=\"{&quot;ekit_we_effect_on&quot;:&quot;none&quot;}\" data-widget_type=\"text-editor.default\">\n\t\t\t\t\t\t\t\t\t<p><em>A busca por conforto, autoestima e harmonia \u00edntima tem levado muitas mulheres a conhecerem e optarem por procedimentos de cirurgia pl\u00e1stica genital. Entre as op\u00e7\u00f5es dispon\u00edveis, a capuzplastia se destaca<\/em><\/p>\t\t\t\t\t\t\t\t<\/div>\n\t\t\t\t<div class=\"elementor-element elementor-element-5bf6148 elementor-widget elementor-widget-text-editor\" data-id=\"5bf6148\" data-element_type=\"widget\" data-e-type=\"widget\" data-settings=\"{&quot;ekit_we_effect_on&quot;:&quot;none&quot;}\" data-widget_type=\"text-editor.default\">\n\t\t\t\t\t\t\t\t\t<p>A capuzplastia \u00e9 uma cirurgia \u00edntima que reduz o excesso de pele do prep\u00facio clitoriano. Essa pele, quando em volume aumentado ou muito alongada, pode cobrir excessivamente o clit\u00f3ris (gl\u00e2nde clitoriana). A interven\u00e7\u00e3o cir\u00fargica, portanto, visa expor adequadamente a regi\u00e3o do clit\u00f3ris, seja por motivos est\u00e9ticos, para harmonizar a apar\u00eancia dos pequenos l\u00e1bios e do capuz, ou por motivos funcionais.<\/p>\t\t\t\t\t\t\t\t<\/div>\n\t\t<div class=\"elementor-element elementor-element-4b48757 e-con-full e-flex e-con e-child\" data-id=\"4b48757\" data-element_type=\"container\" data-e-type=\"container\">\n\t\t\t\t<div class=\"elementor-element elementor-element-feecb9a elementor-widget__width-inherit elementor-widget-mobile__width-inherit elementor-widget elementor-widget-text-editor\" data-id=\"feecb9a\" data-element_type=\"widget\" data-e-type=\"widget\" data-settings=\"{&quot;ekit_we_effect_on&quot;:&quot;none&quot;}\" data-widget_type=\"text-editor.default\">\n\t\t\t\t\t\t\t\t\t<p>Diferente da ninfoplastia, que atua nos pequenos l\u00e1bios, a capuzplastia \u00e9 uma cirurgia que tem como foco o redu\u00e7\u00e3o e remodelamento do capuz clitoriano (prep\u00facio do clit\u00f3ris), a prega de pele que recobre a glande clitoriana. Seu principal objetivo \u00e9 melhorar a exposi\u00e7\u00e3o e a fun\u00e7\u00e3o clitoriana, contribuindo para o bem-estar f\u00edsico e sexual.<\/p><p>A cirurgia \u00e9 precisa e realizada com o m\u00e1ximo de cuidado para preservar completamente a inerva\u00e7\u00e3o e a sensibilidade da regi\u00e3o, que s\u00e3o fundamentais para o prazer sexual.<\/p>\t\t\t\t\t\t\t\t<\/div>\n\t\t\t\t<\/div>\n\t\t\t\t<div class=\"elementor-element elementor-element-cbf832e elementor-widget__width-initial elementor-widget elementor-widget-image\" data-id=\"cbf832e\" data-element_type=\"widget\" data-e-type=\"widget\" data-settings=\"{&quot;ekit_we_effect_on&quot;:&quot;none&quot;}\" data-widget_type=\"image.default\">\n\t\t\t\t\t\t\t\t\t\t\t\t\t\t\t<img fetchpriority=\"high\" decoding=\"async\" width=\"500\" height=\"500\" src=\"https:\/\/dev.mbhi.com.br\/angelica\/wp-content\/uploads\/2026\/02\/nv30.jpg\" class=\"attachment-full size-full wp-image-6249\" alt=\"\" srcset=\"https:\/\/dev.mbhi.com.br\/angelica\/wp-content\/uploads\/2026\/02\/nv30.jpg 500w, https:\/\/dev.mbhi.com.br\/angelica\/wp-content\/uploads\/2026\/02\/nv30-300x300.jpg 300w, https:\/\/dev.mbhi.com.br\/angelica\/wp-content\/uploads\/2026\/02\/nv30-150x150.jpg 150w\" sizes=\"(max-width: 500px) 100vw, 500px\" \/>\t\t\t\t\t\t\t\t\t\t\t\t\t\t\t<\/div>\n\t\t\t\t<\/div>\n\t\t\t\t\t<\/div>\n\t\t\t\t<\/div>\n\t\t<div class=\"elementor-element elementor-element-3ac613d2 e-flex e-con-boxed e-con e-parent\" data-id=\"3ac613d2\" data-element_type=\"container\" data-e-type=\"container\" id=\"apply-sec-features\" data-settings=\"{&quot;background_background&quot;:&quot;classic&quot;,&quot;shape_divider_top&quot;:&quot;curve&quot;,&quot;shape_divider_top_negative&quot;:&quot;yes&quot;,&quot;shape_divider_bottom&quot;:&quot;mountains&quot;}\">\n\t\t\t\t\t<div class=\"e-con-inner\">\n\t\t\t\t<div class=\"elementor-shape elementor-shape-top\" aria-hidden=\"true\" data-negative=\"true\">\n\t\t\t<svg xmlns=\"http:\/\/www.w3.org\/2000\/svg\" viewBox=\"0 0 1000 100\" preserveAspectRatio=\"none\">\n\t<path class=\"elementor-shape-fill\" d=\"M500,97C126.7,96.3,0.8,19.8,0,0v100l1000,0V1C1000,19.4,873.3,97.8,500,97z\"\/>\n<\/svg>\t\t<\/div>\n\t\t\t\t<div class=\"elementor-shape elementor-shape-bottom\" aria-hidden=\"true\" data-negative=\"false\">\n\t\t\t<svg xmlns=\"http:\/\/www.w3.org\/2000\/svg\" viewBox=\"0 0 1000 100\" preserveAspectRatio=\"none\">\n\t<path class=\"elementor-shape-fill\" opacity=\"0.33\" d=\"M473,67.3c-203.9,88.3-263.1-34-320.3,0C66,119.1,0,59.7,0,59.7V0h1000v59.7 c0,0-62.1,26.1-94.9,29.3c-32.8,3.3-62.8-12.3-75.8-22.1C806,49.6,745.3,8.7,694.9,4.7S492.4,59,473,67.3z\"\/>\n\t<path class=\"elementor-shape-fill\" opacity=\"0.66\" d=\"M734,67.3c-45.5,0-77.2-23.2-129.1-39.1c-28.6-8.7-150.3-10.1-254,39.1 s-91.7-34.4-149.2,0C115.7,118.3,0,39.8,0,39.8V0h1000v36.5c0,0-28.2-18.5-92.1-18.5C810.2,18.1,775.7,67.3,734,67.3z\"\/>\n\t<path class=\"elementor-shape-fill\" d=\"M766.1,28.9c-200-57.5-266,65.5-395.1,19.5C242,1.8,242,5.4,184.8,20.6C128,35.8,132.3,44.9,89.9,52.5C28.6,63.7,0,0,0,0 h1000c0,0-9.9,40.9-83.6,48.1S829.6,47,766.1,28.9z\"\/>\n<\/svg>\t\t<\/div>\n\t\t<div class=\"elementor-element elementor-element-e792560 e-con-full e-flex e-con e-child\" data-id=\"e792560\" data-element_type=\"container\" data-e-type=\"container\">\n\t\t<div class=\"elementor-element elementor-element-7c4f657 e-con-full e-flex e-con e-child\" data-id=\"7c4f657\" data-element_type=\"container\" data-e-type=\"container\">\n\t\t\t\t<div class=\"elementor-element elementor-element-9e333e6 elementor-widget-mobile__width-inherit elementor-widget__width-inherit elementor-widget elementor-widget-heading\" data-id=\"9e333e6\" data-element_type=\"widget\" data-e-type=\"widget\" data-settings=\"{&quot;ekit_we_effect_on&quot;:&quot;none&quot;}\" data-widget_type=\"heading.default\">\n\t\t\t\t\t<h2 class=\"elementor-heading-title elementor-size-default\">Quando a redu\u00e7\u00e3o do capuz clitoriano \u00e9 indicada<\/h2>\t\t\t\t<\/div>\n\t\t\t\t<div class=\"elementor-element elementor-element-bba24d8 elementor-widget__width-inherit elementor-widget-mobile__width-inherit elementor-widget elementor-widget-text-editor\" data-id=\"bba24d8\" data-element_type=\"widget\" data-e-type=\"widget\" data-settings=\"{&quot;ekit_we_effect_on&quot;:&quot;none&quot;}\" data-widget_type=\"text-editor.default\">\n\t\t\t\t\t\t\t\t\t<p>A decis\u00e3o por uma capuzplastia \u00e9 sempre pessoal e deve ser discutida detalhadamente com um cirurgi\u00e3o pl\u00e1stico especializado. As indica\u00e7\u00f5es mais comuns incluem:<\/p>\t\t\t\t\t\t\t\t<\/div>\n\t\t\t\t<\/div>\n\t\t<div class=\"elementor-element elementor-element-2135489 e-con-full e-flex e-con e-child\" data-id=\"2135489\" data-element_type=\"container\" data-e-type=\"container\">\n\t\t<div class=\"elementor-element elementor-element-e69a16b e-con-full e-flex e-con e-child\" data-id=\"e69a16b\" data-element_type=\"container\" data-e-type=\"container\">\n\t\t\t\t<div class=\"elementor-element elementor-element-813f3ee elementor-align-start elementor-widget__width-initial elementor-icon-list--layout-traditional elementor-list-item-link-full_width elementor-widget elementor-widget-icon-list\" data-id=\"813f3ee\" data-element_type=\"widget\" data-e-type=\"widget\" data-settings=\"{&quot;ekit_we_effect_on&quot;:&quot;none&quot;}\" data-widget_type=\"icon-list.default\">\n\t\t\t\t\t\t\t<ul class=\"elementor-icon-list-items\">\n\t\t\t\t\t\t\t<li class=\"elementor-icon-list-item\">\n\t\t\t\t\t\t\t\t\t\t\t<span class=\"elementor-icon-list-icon\">\n\t\t\t\t\t\t\t<i aria-hidden=\"true\" class=\"icon icon-checkmark-circle\"><\/i>\t\t\t\t\t\t<\/span>\n\t\t\t\t\t\t\t\t\t\t<span class=\"elementor-icon-list-text\">Quando h\u00e1 uma quantidade de pele no capuz que recobre totalmente ou em grande parte o clit\u00f3ris, mesmo quando os pequenos l\u00e1bios est\u00e3o afastados, podendo ser uma caracter\u00edstica anat\u00f4mica natural<\/span>\n\t\t\t\t\t\t\t\t\t<\/li>\n\t\t\t\t\t\t\t\t<li class=\"elementor-icon-list-item\">\n\t\t\t\t\t\t\t\t\t\t\t<span class=\"elementor-icon-list-icon\">\n\t\t\t\t\t\t\t<i aria-hidden=\"true\" class=\"icon icon-checkmark-circle\"><\/i>\t\t\t\t\t\t<\/span>\n\t\t\t\t\t\t\t\t\t\t<span class=\"elementor-icon-list-text\">Inseguran\u00e7a est\u00e9tica<\/span>\n\t\t\t\t\t\t\t\t\t<\/li>\n\t\t\t\t\t\t\t\t<li class=\"elementor-icon-list-item\">\n\t\t\t\t\t\t\t\t\t\t\t<span class=\"elementor-icon-list-icon\">\n\t\t\t\t\t\t\t<i aria-hidden=\"true\" class=\"icon icon-checkmark-circle\"><\/i>\t\t\t\t\t\t<\/span>\n\t\t\t\t\t\t\t\t\t\t<span class=\"elementor-icon-list-text\">Busca por maior sensibilidade com a exposi\u00e7\u00e3o adequada da glande clitoriana, que possa facilitar o est\u00edmulo direto, potencializando a sensa\u00e7\u00e3o e o prazer sexual<\/span>\n\t\t\t\t\t\t\t\t\t<\/li>\n\t\t\t\t\t\t\t\t<li class=\"elementor-icon-list-item\">\n\t\t\t\t\t\t\t\t\t\t<span class=\"elementor-icon-list-text\"><br>Frequentemente, a capuzplastia \u00e9 realizada em conjunto com a ninfoplastia (redu\u00e7\u00e3o dos pequenos l\u00e1bios) em um procedimento combinado, para um resultado global de harmoniza\u00e7\u00e3o \u00edntima. \u00c9 importante ter expectativas realistas, pois a cirurgia visa melhorar a anatomia, mas n\u00e3o garante mudan\u00e7as espec\u00edficas na fun\u00e7\u00e3o sexual.<\/span>\n\t\t\t\t\t\t\t\t\t<\/li>\n\t\t\t\t\t\t<\/ul>\n\t\t\t\t\t\t<\/div>\n\t\t\t\t<\/div>\n\t\t\t\t<\/div>\n\t\t<div class=\"elementor-element elementor-element-39e6131 e-con-full e-flex e-con e-child\" data-id=\"39e6131\" data-element_type=\"container\" data-e-type=\"container\" data-settings=\"{&quot;background_background&quot;:&quot;classic&quot;}\">\n\t\t<div class=\"elementor-element elementor-element-444274a e-con-full e-flex e-con e-child\" data-id=\"444274a\" data-element_type=\"container\" data-e-type=\"container\">\n\t\t\t\t<div class=\"elementor-element elementor-element-070787c elementor-widget-mobile__width-inherit elementor-widget elementor-widget-heading\" data-id=\"070787c\" data-element_type=\"widget\" data-e-type=\"widget\" data-settings=\"{&quot;ekit_we_effect_on&quot;:&quot;none&quot;}\" data-widget_type=\"heading.default\">\n\t\t\t\t\t<h2 class=\"elementor-heading-title elementor-size-default\">Processo de recupera\u00e7\u00e3o e cuidados no p\u00f3s-operat\u00f3rio<\/h2>\t\t\t\t<\/div>\n\t\t\t\t<div class=\"elementor-element elementor-element-e784ad4 elementor-widget__width-inherit elementor-widget elementor-widget-text-editor\" data-id=\"e784ad4\" data-element_type=\"widget\" data-e-type=\"widget\" data-settings=\"{&quot;ekit_we_effect_on&quot;:&quot;none&quot;}\" data-widget_type=\"text-editor.default\">\n\t\t\t\t\t\t\t\t\t<p>A recupera\u00e7\u00e3o da capuzplastia \u00e9 considerada relativamente r\u00e1pida, mas exige alguns cuidados espec\u00edficos para uma cicatriza\u00e7\u00e3o ideal.<\/p><p>A higiene \u00edntima deve ser feita com \u00e1gua e sab\u00e3o neutro, com secagem suave. Recomenda-se o uso de roupas \u00edntimas de algod\u00e3o folgadas e evitar cal\u00e7as muito justas.<\/p>\t\t\t\t\t\t\t\t<\/div>\n\t\t\t\t<div class=\"elementor-element elementor-element-0a6ec95 elementor-widget__width-inherit elementor-widget elementor-widget-text-editor\" data-id=\"0a6ec95\" data-element_type=\"widget\" data-e-type=\"widget\" data-settings=\"{&quot;ekit_we_effect_on&quot;:&quot;none&quot;}\" data-widget_type=\"text-editor.default\">\n\t\t\t\t\t\t\t\t\t<p>A pr\u00e1tica de atividades f\u00edsicas intensas deve ser suspensa por cerca de 3 a 4 semanas. Um dos cuidados mais importantes \u00e9 evitar rela\u00e7\u00f5es sexuais por um per\u00edodo que varia de 4 a 6 semanas, conforme a orienta\u00e7\u00e3o do cirurgi\u00e3o, para permitir a cicatriza\u00e7\u00e3o completa dos tecidos sem riscos de trauma ou abertura dos pontos.<\/p>\t\t\t\t\t\t\t\t<\/div>\n\t\t\t\t<\/div>\n\t\t\t\t<\/div>\n\t\t\t\t<\/div>\n\t\t\t\t\t<\/div>\n\t\t\t\t<\/div>\n\t\t<div class=\"elementor-element elementor-element-4d2382b e-flex e-con-boxed e-con e-parent\" data-id=\"4d2382b\" data-element_type=\"container\" data-e-type=\"container\" data-settings=\"{&quot;background_background&quot;:&quot;classic&quot;,&quot;shape_divider_top&quot;:&quot;curve&quot;,&quot;shape_divider_top_negative&quot;:&quot;yes&quot;,&quot;shape_divider_bottom&quot;:&quot;curve-asymmetrical&quot;,&quot;shape_divider_bottom_negative&quot;:&quot;yes&quot;}\">\n\t\t\t\t\t<div class=\"e-con-inner\">\n\t\t\t\t<div class=\"elementor-shape elementor-shape-top\" aria-hidden=\"true\" data-negative=\"true\">\n\t\t\t<svg xmlns=\"http:\/\/www.w3.org\/2000\/svg\" viewBox=\"0 0 1000 100\" preserveAspectRatio=\"none\">\n\t<path class=\"elementor-shape-fill\" d=\"M500,97C126.7,96.3,0.8,19.8,0,0v100l1000,0V1C1000,19.4,873.3,97.8,500,97z\"\/>\n<\/svg>\t\t<\/div>\n\t\t\t\t<div class=\"elementor-shape elementor-shape-bottom\" aria-hidden=\"true\" data-negative=\"true\">\n\t\t\t<svg xmlns=\"http:\/\/www.w3.org\/2000\/svg\" viewBox=\"0 0 1000 100\" preserveAspectRatio=\"none\">\n\t<path class=\"elementor-shape-fill\" d=\"M615.2,96.7C240.2,97.8,0,18.9,0,0v100h1000V0C1000,19.2,989.8,96,615.2,96.7z\"\/>\n<\/svg>\t\t<\/div>\n\t\t<div class=\"elementor-element elementor-element-a5c143d e-con-full e-flex e-con e-child\" data-id=\"a5c143d\" data-element_type=\"container\" data-e-type=\"container\">\n\t\t\t\t<div class=\"elementor-element elementor-element-6f57d1d elementor-widget-mobile__width-inherit elementor-widget__width-inherit elementor-widget elementor-widget-heading\" data-id=\"6f57d1d\" data-element_type=\"widget\" data-e-type=\"widget\" data-settings=\"{&quot;ekit_we_effect_on&quot;:&quot;none&quot;}\" data-widget_type=\"heading.default\">\n\t\t\t\t\t<h2 class=\"elementor-heading-title elementor-size-default\">Quando o resultado final da cirurgia se torna vis\u00edvel<\/h2>\t\t\t\t<\/div>\n\t\t<div class=\"elementor-element elementor-element-89c60e7 e-con-full e-flex e-con e-child\" data-id=\"89c60e7\" data-element_type=\"container\" data-e-type=\"container\" data-settings=\"{&quot;background_background&quot;:&quot;classic&quot;}\">\n\t\t\t\t<div class=\"elementor-element elementor-element-84fa908 elementor-widget__width-initial elementor-widget-mobile__width-inherit elementor-widget elementor-widget-text-editor\" data-id=\"84fa908\" data-element_type=\"widget\" data-e-type=\"widget\" data-settings=\"{&quot;ekit_we_effect_on&quot;:&quot;none&quot;}\" data-widget_type=\"text-editor.default\">\n\t\t\t\t\t\t\t\t\t<p>A evolu\u00e7\u00e3o do resultado segue um cronograma previs\u00edvel. Embora a nova forma anat\u00f4mica seja percept\u00edvel logo ap\u00f3s a cirurgia, \u00e9 preciso aguardar o processo natural de cicatriza\u00e7\u00e3o.<\/p><p>O incha\u00e7o inicial diminui significativamente nas primeiras 2 a 3 semanas. Aos poucos, a regi\u00e3o ganha um contorno mais natural e definido.<\/p><p>No entanto, o resultado final refinado da capuzplastia geralmente se estabiliza e se consolida por completo ap\u00f3s o per\u00edodo de 3 a 6 meses.<\/p>\t\t\t\t\t\t\t\t<\/div>\n\t\t\t\t<div class=\"elementor-element elementor-element-e29d733 elementor-widget__width-initial elementor-widget elementor-widget-image\" data-id=\"e29d733\" data-element_type=\"widget\" data-e-type=\"widget\" data-settings=\"{&quot;ekit_we_effect_on&quot;:&quot;none&quot;}\" data-widget_type=\"image.default\">\n\t\t\t\t\t\t\t\t\t\t\t\t\t\t\t<img decoding=\"async\" width=\"500\" height=\"500\" src=\"https:\/\/dev.mbhi.com.br\/angelica\/wp-content\/uploads\/2026\/02\/110.jpg\" class=\"attachment-full size-full wp-image-6240\" alt=\"\" srcset=\"https:\/\/dev.mbhi.com.br\/angelica\/wp-content\/uploads\/2026\/02\/110.jpg 500w, https:\/\/dev.mbhi.com.br\/angelica\/wp-content\/uploads\/2026\/02\/110-300x300.jpg 300w, https:\/\/dev.mbhi.com.br\/angelica\/wp-content\/uploads\/2026\/02\/110-150x150.jpg 150w\" sizes=\"(max-width: 500px) 100vw, 500px\" \/>\t\t\t\t\t\t\t\t\t\t\t\t\t\t\t<\/div>\n\t\t\t\t<div class=\"elementor-element elementor-element-c63cbe9 elementor-widget__width-initial elementor-widget-mobile__width-inherit elementor-widget elementor-widget-text-editor\" data-id=\"c63cbe9\" data-element_type=\"widget\" data-e-type=\"widget\" data-settings=\"{&quot;ekit_we_effect_on&quot;:&quot;none&quot;}\" data-widget_type=\"text-editor.default\">\n\t\t\t\t\t\t\t\t\t<p>\u00c9 nesse intervalo que os \u00faltimos edemas residuais desaparecem, os tecidos internos cicatrizam por completo e as suturas internas s\u00e3o totalmente absorvidas. As cicatrizes, quando bem cuidadas e protegidas do sol, tornam-se praticamente impercept\u00edveis, pois ficam escondidas nas pregas naturais da anatomia.<\/p>\t\t\t\t\t\t\t\t<\/div>\n\t\t\t\t<\/div>\n\t\t\t\t<\/div>\n\t\t\t\t\t<\/div>\n\t\t\t\t<\/div>\n\t\t\t\t<\/div>\n\t\t","protected":false},"excerpt":{"rendered":"<p>Capuzplastia A cirurgia de redu\u00e7\u00e3o do capuz clitoriano A busca por conforto, autoestima e harmonia \u00edntima tem levado muitas mulheres a conhecerem e optarem por procedimentos de cirurgia pl\u00e1stica genital. Entre as op\u00e7\u00f5es dispon\u00edveis, a capuzplastia se destaca A capuzplastia \u00e9 uma cirurgia \u00edntima que reduz o excesso de pele do prep\u00facio clitoriano. Essa pele, [&hellip;]<\/p>\n","protected":false},"author":1,"featured_media":0,"parent":0,"menu_order":0,"comment_status":"closed","ping_status":"closed","template":"","meta":{"pagelayer_contact_templates":[],"_pagelayer_content":"","footnotes":""},"class_list":["post-5764","page","type-page","status-publish","hentry"],"_links":{"self":[{"href":"https:\/\/dev.mbhi.com.br\/angelica\/wp-json\/wp\/v2\/pages\/5764","targetHints":{"allow":["GET"]}}],"collection":[{"href":"https:\/\/dev.mbhi.com.br\/angelica\/wp-json\/wp\/v2\/pages"}],"about":[{"href":"https:\/\/dev.mbhi.com.br\/angelica\/wp-json\/wp\/v2\/types\/page"}],"author":[{"embeddable":true,"href":"https:\/\/dev.mbhi.com.br\/angelica\/wp-json\/wp\/v2\/users\/1"}],"replies":[{"embeddable":true,"href":"https:\/\/dev.mbhi.com.br\/angelica\/wp-json\/wp\/v2\/comments?post=5764"}],"version-history":[{"count":43,"href":"https:\/\/dev.mbhi.com.br\/angelica\/wp-json\/wp\/v2\/pages\/5764\/revisions"}],"predecessor-version":[{"id":6355,"href":"https:\/\/dev.mbhi.com.br\/angelica\/wp-json\/wp\/v2\/pages\/5764\/revisions\/6355"}],"wp:attachment":[{"href":"https:\/\/dev.mbhi.com.br\/angelica\/wp-json\/wp\/v2\/media?parent=5764"}],"curies":[{"name":"wp","href":"https:\/\/api.w.org\/{rel}","templated":true}]}}