{"id":5802,"date":"2026-02-11T00:15:16","date_gmt":"2026-02-11T00:15:16","guid":{"rendered":"https:\/\/dev.mbhi.com.br\/angelica\/?page_id=5802"},"modified":"2026-02-11T06:54:56","modified_gmt":"2026-02-11T06:54:56","slug":"dermolipectomia-de-coxa","status":"publish","type":"page","link":"https:\/\/dev.mbhi.com.br\/angelica\/dermolipectomia-de-coxa\/","title":{"rendered":"Dermolipectomia de coxa"},"content":{"rendered":"\t\t<div data-elementor-type=\"wp-page\" data-elementor-id=\"5802\" class=\"elementor elementor-5802\" data-elementor-post-type=\"page\">\n\t\t\t\t<div class=\"elementor-element elementor-element-78b9944 e-flex e-con-boxed e-con e-parent\" data-id=\"78b9944\" data-element_type=\"container\" data-e-type=\"container\" data-settings=\"{&quot;background_background&quot;:&quot;classic&quot;}\">\n\t\t\t\t\t<div class=\"e-con-inner\">\n\t\t<div class=\"elementor-element elementor-element-65b52f2 e-con-full e-flex e-con e-child\" data-id=\"65b52f2\" data-element_type=\"container\" data-e-type=\"container\">\n\t\t\t\t<div class=\"elementor-element elementor-element-f49a8a6 elementor-widget__width-inherit elementor-widget elementor-widget-heading\" data-id=\"f49a8a6\" data-element_type=\"widget\" data-e-type=\"widget\" data-settings=\"{&quot;ekit_we_effect_on&quot;:&quot;none&quot;}\" data-widget_type=\"heading.default\">\n\t\t\t\t\t<h2 class=\"elementor-heading-title elementor-size-default\">Dermolipectomia de coxa<\/h2>\t\t\t\t<\/div>\n\t\t\t\t<div class=\"elementor-element elementor-element-fb13417 elementor-widget__width-inherit elementor-widget elementor-widget-text-editor\" data-id=\"fb13417\" data-element_type=\"widget\" data-e-type=\"widget\" data-settings=\"{&quot;ekit_we_effect_on&quot;:&quot;none&quot;}\" data-widget_type=\"text-editor.default\">\n\t\t\t\t\t\t\t\t\t<p>Cirurgia para contorno e firmeza<\/p>\t\t\t\t\t\t\t\t<\/div>\n\t\t\t\t<\/div>\n\t\t\t\t\t<\/div>\n\t\t\t\t<\/div>\n\t\t<div class=\"elementor-element elementor-element-011857d e-flex e-con-boxed e-con e-parent\" data-id=\"011857d\" data-element_type=\"container\" data-e-type=\"container\" data-settings=\"{&quot;background_background&quot;:&quot;classic&quot;,&quot;shape_divider_bottom&quot;:&quot;curve-asymmetrical&quot;,&quot;shape_divider_bottom_negative&quot;:&quot;yes&quot;}\">\n\t\t\t\t\t<div class=\"e-con-inner\">\n\t\t\t\t<div class=\"elementor-shape elementor-shape-bottom\" aria-hidden=\"true\" data-negative=\"true\">\n\t\t\t<svg xmlns=\"http:\/\/www.w3.org\/2000\/svg\" viewBox=\"0 0 1000 100\" preserveAspectRatio=\"none\">\n\t<path class=\"elementor-shape-fill\" d=\"M615.2,96.7C240.2,97.8,0,18.9,0,0v100h1000V0C1000,19.2,989.8,96,615.2,96.7z\"\/>\n<\/svg>\t\t<\/div>\n\t\t<div class=\"elementor-element elementor-element-55ffbd0 e-con-full e-flex elementor-invisible e-con e-child\" data-id=\"55ffbd0\" data-element_type=\"container\" data-e-type=\"container\" data-settings=\"{&quot;animation&quot;:&quot;fadeInUp&quot;}\">\n\t\t\t\t<div class=\"elementor-element elementor-element-759c269 elementor-widget elementor-widget-text-editor\" data-id=\"759c269\" data-element_type=\"widget\" data-e-type=\"widget\" data-settings=\"{&quot;ekit_we_effect_on&quot;:&quot;none&quot;}\" data-widget_type=\"text-editor.default\">\n\t\t\t\t\t\t\t\t\t<p><em>Tamb\u00e9m conhecida como lipoescultura com excis\u00e3o de pele ou thigh lift, \u00e9 o procedimento cir\u00fargico indicado para remover o excesso de pele e gordura da parte interna e\/ou externa das coxas<\/em><\/p>\t\t\t\t\t\t\t\t<\/div>\n\t\t<div class=\"elementor-element elementor-element-4b48757 e-con-full e-flex e-con e-child\" data-id=\"4b48757\" data-element_type=\"container\" data-e-type=\"container\">\n\t\t\t\t<div class=\"elementor-element elementor-element-feecb9a elementor-widget__width-initial elementor-widget-mobile__width-inherit elementor-widget elementor-widget-text-editor\" data-id=\"feecb9a\" data-element_type=\"widget\" data-e-type=\"widget\" data-settings=\"{&quot;ekit_we_effect_on&quot;:&quot;none&quot;}\" data-widget_type=\"text-editor.default\">\n\t\t\t\t\t\t\t\t\t<p>A conquista de uma perda de peso significativa \u00e9 um marco na vida de muitas pessoas. Agora, com as canetas emagrecedoras, esse resultado costuma ser muito satisfat\u00f3rio. No entanto, o resultado desse esfor\u00e7o pode, por vezes, ser acompanhado por um excesso de pele e tecido fl\u00e1cido que se recusa a retrair, principalmente nas coxas.<\/p><p>A dermolipectomia de coxa vai al\u00e9m da simples remo\u00e7\u00e3o de gordura. \u00c9 um procedimento de reconto e lifting que trata principalmente da pele fl\u00e1cida e redundante que perdeu sua elasticidade. Enquanto a lipoaspira\u00e7\u00e3o tradicional foca na suc\u00e7\u00e3o da gordura localizada, a dermolipectomia envolve a excis\u00e3o cir\u00fargica de uma faixa consider\u00e1vel de pele e do tecido gorduroso subjacente, apertando e reposicionando os tecidos remanescentes. O resultado \u00e9 uma coxa mais lisa, com contorno definido e sem o aspecto de pele solta que balan\u00e7a.<\/p>\t\t\t\t\t\t\t\t<\/div>\n\t\t\t\t<div class=\"elementor-element elementor-element-cbf832e elementor-widget__width-initial elementor-widget elementor-widget-image\" data-id=\"cbf832e\" data-element_type=\"widget\" data-e-type=\"widget\" data-settings=\"{&quot;ekit_we_effect_on&quot;:&quot;none&quot;}\" data-widget_type=\"image.default\">\n\t\t\t\t\t\t\t\t\t\t\t\t\t\t\t<img fetchpriority=\"high\" decoding=\"async\" width=\"500\" height=\"500\" src=\"https:\/\/dev.mbhi.com.br\/angelica\/wp-content\/uploads\/2026\/02\/nv14.jpg\" class=\"attachment-full size-full wp-image-6194\" alt=\"\" srcset=\"https:\/\/dev.mbhi.com.br\/angelica\/wp-content\/uploads\/2026\/02\/nv14.jpg 500w, https:\/\/dev.mbhi.com.br\/angelica\/wp-content\/uploads\/2026\/02\/nv14-300x300.jpg 300w, https:\/\/dev.mbhi.com.br\/angelica\/wp-content\/uploads\/2026\/02\/nv14-150x150.jpg 150w\" sizes=\"(max-width: 500px) 100vw, 500px\" \/>\t\t\t\t\t\t\t\t\t\t\t\t\t\t\t<\/div>\n\t\t\t\t<\/div>\n\t\t\t\t<\/div>\n\t\t\t\t\t<\/div>\n\t\t\t\t<\/div>\n\t\t<div class=\"elementor-element elementor-element-3ac613d2 e-flex e-con-boxed e-con e-parent\" data-id=\"3ac613d2\" data-element_type=\"container\" data-e-type=\"container\" id=\"apply-sec-features\" data-settings=\"{&quot;background_background&quot;:&quot;classic&quot;,&quot;shape_divider_top&quot;:&quot;curve&quot;,&quot;shape_divider_top_negative&quot;:&quot;yes&quot;,&quot;shape_divider_bottom&quot;:&quot;mountains&quot;}\">\n\t\t\t\t\t<div class=\"e-con-inner\">\n\t\t\t\t<div class=\"elementor-shape elementor-shape-top\" aria-hidden=\"true\" data-negative=\"true\">\n\t\t\t<svg xmlns=\"http:\/\/www.w3.org\/2000\/svg\" viewBox=\"0 0 1000 100\" preserveAspectRatio=\"none\">\n\t<path class=\"elementor-shape-fill\" d=\"M500,97C126.7,96.3,0.8,19.8,0,0v100l1000,0V1C1000,19.4,873.3,97.8,500,97z\"\/>\n<\/svg>\t\t<\/div>\n\t\t\t\t<div class=\"elementor-shape elementor-shape-bottom\" aria-hidden=\"true\" data-negative=\"false\">\n\t\t\t<svg xmlns=\"http:\/\/www.w3.org\/2000\/svg\" viewBox=\"0 0 1000 100\" preserveAspectRatio=\"none\">\n\t<path class=\"elementor-shape-fill\" opacity=\"0.33\" d=\"M473,67.3c-203.9,88.3-263.1-34-320.3,0C66,119.1,0,59.7,0,59.7V0h1000v59.7 c0,0-62.1,26.1-94.9,29.3c-32.8,3.3-62.8-12.3-75.8-22.1C806,49.6,745.3,8.7,694.9,4.7S492.4,59,473,67.3z\"\/>\n\t<path class=\"elementor-shape-fill\" opacity=\"0.66\" d=\"M734,67.3c-45.5,0-77.2-23.2-129.1-39.1c-28.6-8.7-150.3-10.1-254,39.1 s-91.7-34.4-149.2,0C115.7,118.3,0,39.8,0,39.8V0h1000v36.5c0,0-28.2-18.5-92.1-18.5C810.2,18.1,775.7,67.3,734,67.3z\"\/>\n\t<path class=\"elementor-shape-fill\" d=\"M766.1,28.9c-200-57.5-266,65.5-395.1,19.5C242,1.8,242,5.4,184.8,20.6C128,35.8,132.3,44.9,89.9,52.5C28.6,63.7,0,0,0,0 h1000c0,0-9.9,40.9-83.6,48.1S829.6,47,766.1,28.9z\"\/>\n<\/svg>\t\t<\/div>\n\t\t<div class=\"elementor-element elementor-element-e792560 e-con-full e-flex e-con e-child\" data-id=\"e792560\" data-element_type=\"container\" data-e-type=\"container\">\n\t\t<div class=\"elementor-element elementor-element-7c4f657 e-con-full e-flex e-con e-child\" data-id=\"7c4f657\" data-element_type=\"container\" data-e-type=\"container\">\n\t\t\t\t<div class=\"elementor-element elementor-element-9e333e6 elementor-widget-mobile__width-inherit elementor-widget__width-inherit elementor-widget elementor-widget-heading\" data-id=\"9e333e6\" data-element_type=\"widget\" data-e-type=\"widget\" data-settings=\"{&quot;ekit_we_effect_on&quot;:&quot;none&quot;}\" data-widget_type=\"heading.default\">\n\t\t\t\t\t<h2 class=\"elementor-heading-title elementor-size-default\">Quando a cirurgia de redu\u00e7\u00e3o de coxa \u00e9 indicada?<\/h2>\t\t\t\t<\/div>\n\t\t\t\t<div class=\"elementor-element elementor-element-bba24d8 elementor-widget__width-inherit elementor-widget-mobile__width-inherit elementor-widget elementor-widget-text-editor\" data-id=\"bba24d8\" data-element_type=\"widget\" data-e-type=\"widget\" data-settings=\"{&quot;ekit_we_effect_on&quot;:&quot;none&quot;}\" data-widget_type=\"text-editor.default\">\n\t\t\t\t\t\t\t\t\t<p>A principal indica\u00e7\u00e3o para a dermolipectomia de coxa \u00e9 a presen\u00e7a de excesso significativo de pele fl\u00e1cida, que n\u00e3o responde a dieta ou exerc\u00edcios. Os candidatos ideais geralmente se enquadram em um ou mais dos seguintes cen\u00e1rios:<\/p>\t\t\t\t\t\t\t\t<\/div>\n\t\t\t\t<\/div>\n\t\t<div class=\"elementor-element elementor-element-2135489 e-con-full e-flex e-con e-child\" data-id=\"2135489\" data-element_type=\"container\" data-e-type=\"container\">\n\t\t<div class=\"elementor-element elementor-element-e69a16b e-con-full e-flex e-con e-child\" data-id=\"e69a16b\" data-element_type=\"container\" data-e-type=\"container\">\n\t\t\t\t<div class=\"elementor-element elementor-element-813f3ee elementor-align-start elementor-widget__width-initial elementor-icon-list--layout-traditional elementor-list-item-link-full_width elementor-widget elementor-widget-icon-list\" data-id=\"813f3ee\" data-element_type=\"widget\" data-e-type=\"widget\" data-settings=\"{&quot;ekit_we_effect_on&quot;:&quot;none&quot;}\" data-widget_type=\"icon-list.default\">\n\t\t\t\t\t\t\t<ul class=\"elementor-icon-list-items\">\n\t\t\t\t\t\t\t<li class=\"elementor-icon-list-item\">\n\t\t\t\t\t\t\t\t\t\t\t<span class=\"elementor-icon-list-icon\">\n\t\t\t\t\t\t\t<i aria-hidden=\"true\" class=\"icon icon-checkmark-circle\"><\/i>\t\t\t\t\t\t<\/span>\n\t\t\t\t\t\t\t\t\t\t<span class=\"elementor-icon-list-text\">Pacientes p\u00f3s-bari\u00e1tricos ou p\u00f3s-uso de canetas emagrecedoras<\/span>\n\t\t\t\t\t\t\t\t\t<\/li>\n\t\t\t\t\t\t\t\t<li class=\"elementor-icon-list-item\">\n\t\t\t\t\t\t\t\t\t\t\t<span class=\"elementor-icon-list-icon\">\n\t\t\t\t\t\t\t<i aria-hidden=\"true\" class=\"icon icon-checkmark-circle\"><\/i>\t\t\t\t\t\t<\/span>\n\t\t\t\t\t\t\t\t\t\t<span class=\"elementor-icon-list-text\">Flacidez severa por envelhecimento<\/span>\n\t\t\t\t\t\t\t\t\t<\/li>\n\t\t\t\t\t\t\t\t<li class=\"elementor-icon-list-item\">\n\t\t\t\t\t\t\t\t\t\t\t<span class=\"elementor-icon-list-icon\">\n\t\t\t\t\t\t\t<i aria-hidden=\"true\" class=\"icon icon-checkmark-circle\"><\/i>\t\t\t\t\t\t<\/span>\n\t\t\t\t\t\t\t\t\t\t<span class=\"elementor-icon-list-text\">Altera\u00e7\u00f5es p\u00f3s-gravidez<\/span>\n\t\t\t\t\t\t\t\t\t<\/li>\n\t\t\t\t\t\t\t\t<li class=\"elementor-icon-list-item\">\n\t\t\t\t\t\t\t\t\t\t<span class=\"elementor-icon-list-text\"><br>O paciente deve estar com o peso est\u00e1vel por pelo menos seis meses, ser saud\u00e1vel, n\u00e3o fumar e ter expectativas realistas sobre os resultados e as cicatrizes inerentes ao procedimento.<\/span>\n\t\t\t\t\t\t\t\t\t<\/li>\n\t\t\t\t\t\t<\/ul>\n\t\t\t\t\t\t<\/div>\n\t\t\t\t<\/div>\n\t\t\t\t<\/div>\n\t\t<div class=\"elementor-element elementor-element-39e6131 e-con-full e-flex e-con e-child\" data-id=\"39e6131\" data-element_type=\"container\" data-e-type=\"container\" data-settings=\"{&quot;background_background&quot;:&quot;classic&quot;}\">\n\t\t<div class=\"elementor-element elementor-element-444274a e-con-full e-flex e-con e-child\" data-id=\"444274a\" data-element_type=\"container\" data-e-type=\"container\">\n\t\t\t\t<div class=\"elementor-element elementor-element-070787c elementor-widget-mobile__width-inherit elementor-widget elementor-widget-heading\" data-id=\"070787c\" data-element_type=\"widget\" data-e-type=\"widget\" data-settings=\"{&quot;ekit_we_effect_on&quot;:&quot;none&quot;}\" data-widget_type=\"heading.default\">\n\t\t\t\t\t<h2 class=\"elementor-heading-title elementor-size-default\">Processo de recupera\u00e7\u00e3o e cuidados p\u00f3s-operat\u00f3rios<\/h2>\t\t\t\t<\/div>\n\t\t\t\t<div class=\"elementor-element elementor-element-e784ad4 elementor-widget__width-inherit elementor-widget elementor-widget-text-editor\" data-id=\"e784ad4\" data-element_type=\"widget\" data-e-type=\"widget\" data-settings=\"{&quot;ekit_we_effect_on&quot;:&quot;none&quot;}\" data-widget_type=\"text-editor.default\">\n\t\t\t\t\t\t\t\t\t<p>O p\u00f3s-operat\u00f3rio da dermolipectomia de coxa exige dedica\u00e7\u00e3o e paci\u00eancia. \u00c9 uma cirurgia de porte m\u00e9dio\/grande, e a recupera\u00e7\u00e3o \u00e9 gradual.<\/p><p>O uso de uma cinta modeladora ou meia de compress\u00e3o \u00e9 essencial por v\u00e1rias semanas para reduzir o edema, dar suporte aos tecidos e ajudar na moldagem do novo contorno.<\/p><p>A mobilidade pode ficar limitada inicialmente, sendo recomendado evitar ficar em p\u00e9 por longos per\u00edodos e priorizar o repouso com as pernas elevadas.<\/p>\t\t\t\t\t\t\t\t<\/div>\n\t\t\t\t<div class=\"elementor-element elementor-element-0a6ec95 elementor-widget__width-inherit elementor-widget elementor-widget-text-editor\" data-id=\"0a6ec95\" data-element_type=\"widget\" data-e-type=\"widget\" data-settings=\"{&quot;ekit_we_effect_on&quot;:&quot;none&quot;}\" data-widget_type=\"text-editor.default\">\n\t\t\t\t\t\t\t\t\t<p>O retorno \u00e0s atividades de trabalho n\u00e3o f\u00edsicas pode levar de 2 a 3 semanas, enquanto a pr\u00e1tica de exerc\u00edcios f\u00edsicos e esfor\u00e7os deve ser retomada apenas ap\u00f3s 6 a 8 semanas, conforme a libera\u00e7\u00e3o m\u00e9dica.<\/p>\t\t\t\t\t\t\t\t<\/div>\n\t\t\t\t<\/div>\n\t\t\t\t<\/div>\n\t\t\t\t<\/div>\n\t\t\t\t\t<\/div>\n\t\t\t\t<\/div>\n\t\t<div class=\"elementor-element elementor-element-4d2382b e-flex e-con-boxed e-con e-parent\" data-id=\"4d2382b\" data-element_type=\"container\" data-e-type=\"container\" data-settings=\"{&quot;background_background&quot;:&quot;classic&quot;,&quot;shape_divider_top&quot;:&quot;curve&quot;,&quot;shape_divider_top_negative&quot;:&quot;yes&quot;,&quot;shape_divider_bottom&quot;:&quot;curve-asymmetrical&quot;,&quot;shape_divider_bottom_negative&quot;:&quot;yes&quot;}\">\n\t\t\t\t\t<div class=\"e-con-inner\">\n\t\t\t\t<div class=\"elementor-shape elementor-shape-top\" aria-hidden=\"true\" data-negative=\"true\">\n\t\t\t<svg xmlns=\"http:\/\/www.w3.org\/2000\/svg\" viewBox=\"0 0 1000 100\" preserveAspectRatio=\"none\">\n\t<path class=\"elementor-shape-fill\" d=\"M500,97C126.7,96.3,0.8,19.8,0,0v100l1000,0V1C1000,19.4,873.3,97.8,500,97z\"\/>\n<\/svg>\t\t<\/div>\n\t\t\t\t<div class=\"elementor-shape elementor-shape-bottom\" aria-hidden=\"true\" data-negative=\"true\">\n\t\t\t<svg xmlns=\"http:\/\/www.w3.org\/2000\/svg\" viewBox=\"0 0 1000 100\" preserveAspectRatio=\"none\">\n\t<path class=\"elementor-shape-fill\" d=\"M615.2,96.7C240.2,97.8,0,18.9,0,0v100h1000V0C1000,19.2,989.8,96,615.2,96.7z\"\/>\n<\/svg>\t\t<\/div>\n\t\t<div class=\"elementor-element elementor-element-a5c143d e-con-full e-flex e-con e-child\" data-id=\"a5c143d\" data-element_type=\"container\" data-e-type=\"container\">\n\t\t\t\t<div class=\"elementor-element elementor-element-6f57d1d elementor-widget-mobile__width-inherit elementor-widget__width-inherit elementor-widget elementor-widget-heading\" data-id=\"6f57d1d\" data-element_type=\"widget\" data-e-type=\"widget\" data-settings=\"{&quot;ekit_we_effect_on&quot;:&quot;none&quot;}\" data-widget_type=\"heading.default\">\n\t\t\t\t\t<h2 class=\"elementor-heading-title elementor-size-default\">Quando o resultado final da cirurgia aparece?<\/h2>\t\t\t\t<\/div>\n\t\t\t\t<div class=\"elementor-element elementor-element-b2fc088 elementor-widget__width-inherit elementor-widget-mobile__width-inherit elementor-widget elementor-widget-text-editor\" data-id=\"b2fc088\" data-element_type=\"widget\" data-e-type=\"widget\" data-settings=\"{&quot;ekit_we_effect_on&quot;:&quot;none&quot;}\" data-widget_type=\"text-editor.default\">\n\t\t\t\t\t\t\t\t\t<p>Embora a melhora no contorno seja vis\u00edvel imediatamente ap\u00f3s a retirada dos curativos, o resultado final da dermolipectomia de coxa s\u00f3 se consolida ap\u00f3s um processo que pode levar de 6 meses a 1 ano. Isso ocorre por diversos fatores:<\/p>\t\t\t\t\t\t\t\t<\/div>\n\t\t<div class=\"elementor-element elementor-element-b1538df e-con-full e-flex e-con e-child\" data-id=\"b1538df\" data-element_type=\"container\" data-e-type=\"container\" data-settings=\"{&quot;background_background&quot;:&quot;classic&quot;}\">\n\t\t\t\t<div class=\"elementor-element elementor-element-3584ffe elementor-widget__width-inherit elementor-widget elementor-widget-text-editor\" data-id=\"3584ffe\" data-element_type=\"widget\" data-e-type=\"widget\" data-settings=\"{&quot;ekit_we_effect_on&quot;:&quot;none&quot;}\" data-widget_type=\"text-editor.default\">\n\t\t\t\t\t\t\t\t\t<p>Redu\u00e7\u00e3o do incha\u00e7o<\/p>\t\t\t\t\t\t\t\t<\/div>\n\t\t\t\t<div class=\"elementor-element elementor-element-1a6c2d2 elementor-widget__width-inherit elementor-widget-mobile__width-inherit elementor-widget elementor-widget-text-editor\" data-id=\"1a6c2d2\" data-element_type=\"widget\" data-e-type=\"widget\" data-settings=\"{&quot;ekit_we_effect_on&quot;:&quot;none&quot;}\" data-widget_type=\"text-editor.default\">\n\t\t\t\t\t\t\t\t\t<p>O edema p\u00f3s-operat\u00f3rio leva v\u00e1rios meses para dissipar completamente, permitindo que a verdadeira forma das coxas se revele.<\/p>\t\t\t\t\t\t\t\t<\/div>\n\t\t\t\t<\/div>\n\t\t<div class=\"elementor-element elementor-element-c839780 e-con-full e-flex e-con e-child\" data-id=\"c839780\" data-element_type=\"container\" data-e-type=\"container\" data-settings=\"{&quot;background_background&quot;:&quot;classic&quot;}\">\n\t\t\t\t<div class=\"elementor-element elementor-element-7d8aa4e elementor-widget__width-inherit elementor-widget elementor-widget-text-editor\" data-id=\"7d8aa4e\" data-element_type=\"widget\" data-e-type=\"widget\" data-settings=\"{&quot;ekit_we_effect_on&quot;:&quot;none&quot;}\" data-widget_type=\"text-editor.default\">\n\t\t\t\t\t\t\t\t\t<p>Assentamento dos tecidos<\/p>\t\t\t\t\t\t\t\t<\/div>\n\t\t\t\t<div class=\"elementor-element elementor-element-fc46c77 elementor-widget__width-inherit elementor-widget-mobile__width-inherit elementor-widget elementor-widget-text-editor\" data-id=\"fc46c77\" data-element_type=\"widget\" data-e-type=\"widget\" data-settings=\"{&quot;ekit_we_effect_on&quot;:&quot;none&quot;}\" data-widget_type=\"text-editor.default\">\n\t\t\t\t\t\t\t\t\t<p>A pele e os tecidos internos precisam de tempo para se adaptarem \u00e0 nova posi\u00e7\u00e3o e aderirem, otimizando o contorno.<\/p>\t\t\t\t\t\t\t\t<\/div>\n\t\t\t\t<\/div>\n\t\t<div class=\"elementor-element elementor-element-de68e61 e-con-full e-flex e-con e-child\" data-id=\"de68e61\" data-element_type=\"container\" data-e-type=\"container\" data-settings=\"{&quot;background_background&quot;:&quot;classic&quot;}\">\n\t\t\t\t<div class=\"elementor-element elementor-element-05f0ee0 elementor-widget__width-inherit elementor-widget elementor-widget-text-editor\" data-id=\"05f0ee0\" data-element_type=\"widget\" data-e-type=\"widget\" data-settings=\"{&quot;ekit_we_effect_on&quot;:&quot;none&quot;}\" data-widget_type=\"text-editor.default\">\n\t\t\t\t\t\t\t\t\t<p>Matura\u00e7\u00e3o das cicatrizes<\/p>\t\t\t\t\t\t\t\t<\/div>\n\t\t\t\t<div class=\"elementor-element elementor-element-e3a3848 elementor-widget__width-inherit elementor-widget-mobile__width-inherit elementor-widget elementor-widget-text-editor\" data-id=\"e3a3848\" data-element_type=\"widget\" data-e-type=\"widget\" data-settings=\"{&quot;ekit_we_effect_on&quot;:&quot;none&quot;}\" data-widget_type=\"text-editor.default\">\n\t\t\t\t\t\t\t\t\t<p>As cicatrizes, estrategicamente posicionadas na virilha (e por vezes se estendendo verticalmente), passar\u00e3o por um processo natural. Elas evoluem de linhas avermelhadas e mais r\u00edgidas para marcas mais claras, planas e discretas ao longo dos meses. A prote\u00e7\u00e3o solar rigorosa \u00e9 fundamental nesse per\u00edodo.<\/p>\t\t\t\t\t\t\t\t<\/div>\n\t\t\t\t<\/div>\n\t\t\t\t<div class=\"elementor-element elementor-element-11c3b2e elementor-widget__width-inherit elementor-widget-mobile__width-inherit elementor-widget elementor-widget-text-editor\" data-id=\"11c3b2e\" data-element_type=\"widget\" data-e-type=\"widget\" data-settings=\"{&quot;ekit_we_effect_on&quot;:&quot;none&quot;}\" data-widget_type=\"text-editor.default\">\n\t\t\t\t\t\t\t\t\t<p>Acompanhamento regular com o cirurgi\u00e3o pl\u00e1stico \u00e9 vital para monitorar a cicatriza\u00e7\u00e3o. Apesar da paci\u00eancia necess\u00e1ria, a maioria dos pacientes relata uma grande melhora na autoestima, no conforto para usar roupas e na facilidade para realizar atividades do dia a dia, considerando o resultado altamente gratificante.<\/p>\t\t\t\t\t\t\t\t<\/div>\n\t\t\t\t<\/div>\n\t\t\t\t\t<\/div>\n\t\t\t\t<\/div>\n\t\t\t\t<\/div>\n\t\t","protected":false},"excerpt":{"rendered":"<p>Dermolipectomia de coxa Cirurgia para contorno e firmeza Tamb\u00e9m conhecida como lipoescultura com excis\u00e3o de pele ou thigh lift, \u00e9 o procedimento cir\u00fargico indicado para remover o excesso de pele e gordura da parte interna e\/ou externa das coxas A conquista de uma perda de peso significativa \u00e9 um marco na vida de muitas pessoas. [&hellip;]<\/p>\n","protected":false},"author":1,"featured_media":0,"parent":0,"menu_order":0,"comment_status":"closed","ping_status":"closed","template":"","meta":{"pagelayer_contact_templates":[],"_pagelayer_content":"","footnotes":""},"class_list":["post-5802","page","type-page","status-publish","hentry"],"_links":{"self":[{"href":"https:\/\/dev.mbhi.com.br\/angelica\/wp-json\/wp\/v2\/pages\/5802","targetHints":{"allow":["GET"]}}],"collection":[{"href":"https:\/\/dev.mbhi.com.br\/angelica\/wp-json\/wp\/v2\/pages"}],"about":[{"href":"https:\/\/dev.mbhi.com.br\/angelica\/wp-json\/wp\/v2\/types\/page"}],"author":[{"embeddable":true,"href":"https:\/\/dev.mbhi.com.br\/angelica\/wp-json\/wp\/v2\/users\/1"}],"replies":[{"embeddable":true,"href":"https:\/\/dev.mbhi.com.br\/angelica\/wp-json\/wp\/v2\/comments?post=5802"}],"version-history":[{"count":40,"href":"https:\/\/dev.mbhi.com.br\/angelica\/wp-json\/wp\/v2\/pages\/5802\/revisions"}],"predecessor-version":[{"id":6291,"href":"https:\/\/dev.mbhi.com.br\/angelica\/wp-json\/wp\/v2\/pages\/5802\/revisions\/6291"}],"wp:attachment":[{"href":"https:\/\/dev.mbhi.com.br\/angelica\/wp-json\/wp\/v2\/media?parent=5802"}],"curies":[{"name":"wp","href":"https:\/\/api.w.org\/{rel}","templated":true}]}}