{"id":5891,"date":"2026-02-11T01:30:55","date_gmt":"2026-02-11T01:30:55","guid":{"rendered":"https:\/\/dev.mbhi.com.br\/angelica\/?page_id=5891"},"modified":"2026-02-11T06:58:04","modified_gmt":"2026-02-11T06:58:04","slug":"protese-de-mama-r24r","status":"publish","type":"page","link":"https:\/\/dev.mbhi.com.br\/angelica\/protese-de-mama-r24r\/","title":{"rendered":"Pr\u00f3tese de mama R24R"},"content":{"rendered":"\t\t<div data-elementor-type=\"wp-page\" data-elementor-id=\"5891\" class=\"elementor elementor-5891\" data-elementor-post-type=\"page\">\n\t\t\t\t<div class=\"elementor-element elementor-element-78b9944 e-flex e-con-boxed e-con e-parent\" data-id=\"78b9944\" data-element_type=\"container\" data-e-type=\"container\" data-settings=\"{&quot;background_background&quot;:&quot;classic&quot;}\">\n\t\t\t\t\t<div class=\"e-con-inner\">\n\t\t<div class=\"elementor-element elementor-element-65b52f2 e-con-full e-flex e-con e-child\" data-id=\"65b52f2\" data-element_type=\"container\" data-e-type=\"container\">\n\t\t\t\t<div class=\"elementor-element elementor-element-f49a8a6 elementor-widget__width-inherit elementor-widget elementor-widget-heading\" data-id=\"f49a8a6\" data-element_type=\"widget\" data-e-type=\"widget\" data-settings=\"{&quot;ekit_we_effect_on&quot;:&quot;none&quot;}\" data-widget_type=\"heading.default\">\n\t\t\t\t\t<h2 class=\"elementor-heading-title elementor-size-default\">Pr\u00f3tese de mama<\/h2>\t\t\t\t<\/div>\n\t\t\t\t<div class=\"elementor-element elementor-element-fb13417 elementor-widget__width-inherit elementor-widget elementor-widget-text-editor\" data-id=\"fb13417\" data-element_type=\"widget\" data-e-type=\"widget\" data-settings=\"{&quot;ekit_we_effect_on&quot;:&quot;none&quot;}\" data-widget_type=\"text-editor.default\">\n\t\t\t\t\t\t\t\t\t<p>R24R: inova\u00e7\u00e3o com recupera\u00e7\u00e3o r\u00e1pida em 24 horas<\/p>\t\t\t\t\t\t\t\t<\/div>\n\t\t\t\t<\/div>\n\t\t\t\t\t<\/div>\n\t\t\t\t<\/div>\n\t\t<div class=\"elementor-element elementor-element-011857d e-flex e-con-boxed e-con e-parent\" data-id=\"011857d\" data-element_type=\"container\" data-e-type=\"container\" data-settings=\"{&quot;background_background&quot;:&quot;classic&quot;,&quot;shape_divider_bottom&quot;:&quot;curve-asymmetrical&quot;,&quot;shape_divider_bottom_negative&quot;:&quot;yes&quot;}\">\n\t\t\t\t\t<div class=\"e-con-inner\">\n\t\t\t\t<div class=\"elementor-shape elementor-shape-bottom\" aria-hidden=\"true\" data-negative=\"true\">\n\t\t\t<svg xmlns=\"http:\/\/www.w3.org\/2000\/svg\" viewBox=\"0 0 1000 100\" preserveAspectRatio=\"none\">\n\t<path class=\"elementor-shape-fill\" d=\"M615.2,96.7C240.2,97.8,0,18.9,0,0v100h1000V0C1000,19.2,989.8,96,615.2,96.7z\"\/>\n<\/svg>\t\t<\/div>\n\t\t<div class=\"elementor-element elementor-element-55ffbd0 e-con-full e-flex elementor-invisible e-con e-child\" data-id=\"55ffbd0\" data-element_type=\"container\" data-e-type=\"container\" data-settings=\"{&quot;animation&quot;:&quot;fadeInUp&quot;}\">\n\t\t\t\t<div class=\"elementor-element elementor-element-759c269 elementor-widget elementor-widget-text-editor\" data-id=\"759c269\" data-element_type=\"widget\" data-e-type=\"widget\" data-settings=\"{&quot;ekit_we_effect_on&quot;:&quot;none&quot;}\" data-widget_type=\"text-editor.default\">\n\t\t\t\t\t\t\t\t\t<p><em>Entre as op\u00e7\u00f5es mais modernas e desejadas do mercado est\u00e1 a pr\u00f3tese de mama R24R, um modelo que prioriza um resultado surpreendentemente natural, com seguran\u00e7a e o conforto de uma recupera\u00e7\u00e3o r\u00e1pida<\/em><\/p>\t\t\t\t\t\t\t\t<\/div>\n\t\t<div class=\"elementor-element elementor-element-4b48757 e-con-full e-flex e-con e-child\" data-id=\"4b48757\" data-element_type=\"container\" data-e-type=\"container\">\n\t\t\t\t<div class=\"elementor-element elementor-element-feecb9a elementor-widget__width-initial elementor-widget-mobile__width-inherit elementor-widget elementor-widget-text-editor\" data-id=\"feecb9a\" data-element_type=\"widget\" data-e-type=\"widget\" data-settings=\"{&quot;ekit_we_effect_on&quot;:&quot;none&quot;}\" data-widget_type=\"text-editor.default\">\n\t\t\t\t\t\t\t\t\t<p>A R24R \u00e9 um implante mam\u00e1rio de \u00faltima gera\u00e7\u00e3o, preenchido com um gel coesivo de alta performance.<\/p><p>Seu design e tecnologia foram desenvolvidos para imitar com precis\u00e3o a sensa\u00e7\u00e3o e o movimento do tecido mam\u00e1rio natural. Seus principais diferenciais s\u00e3o a proje\u00e7\u00e3o proporcional e o peso mais leve.<\/p><p>Enquanto muitos implantes tradicionais oferecem um aumento mais volumoso na parte superior da mama, a R24R proporciona um incremento de volume concentrado na regi\u00e3o medial e inferior, replicando a forma natural de um seio. Al\u00e9m disso, seu gel \u00e9 menos denso, resultando em um implante mais leve para um mesmo volume, o que se traduz em maior conforto e menor tens\u00e3o sobre os tecidos da paciente.<\/p>\t\t\t\t\t\t\t\t<\/div>\n\t\t\t\t<div class=\"elementor-element elementor-element-cbf832e elementor-widget__width-initial elementor-widget elementor-widget-image\" data-id=\"cbf832e\" data-element_type=\"widget\" data-e-type=\"widget\" data-settings=\"{&quot;ekit_we_effect_on&quot;:&quot;none&quot;}\" data-widget_type=\"image.default\">\n\t\t\t\t\t\t\t\t\t\t\t\t\t\t\t<img fetchpriority=\"high\" decoding=\"async\" width=\"500\" height=\"500\" src=\"https:\/\/dev.mbhi.com.br\/angelica\/wp-content\/uploads\/2026\/02\/nv22.jpg\" class=\"attachment-full size-full wp-image-6223\" alt=\"\" srcset=\"https:\/\/dev.mbhi.com.br\/angelica\/wp-content\/uploads\/2026\/02\/nv22.jpg 500w, https:\/\/dev.mbhi.com.br\/angelica\/wp-content\/uploads\/2026\/02\/nv22-300x300.jpg 300w, https:\/\/dev.mbhi.com.br\/angelica\/wp-content\/uploads\/2026\/02\/nv22-150x150.jpg 150w\" sizes=\"(max-width: 500px) 100vw, 500px\" \/>\t\t\t\t\t\t\t\t\t\t\t\t\t\t\t<\/div>\n\t\t\t\t<\/div>\n\t\t\t\t<\/div>\n\t\t\t\t\t<\/div>\n\t\t\t\t<\/div>\n\t\t<div class=\"elementor-element elementor-element-3ac613d2 e-flex e-con-boxed e-con e-parent\" data-id=\"3ac613d2\" data-element_type=\"container\" data-e-type=\"container\" id=\"apply-sec-features\" data-settings=\"{&quot;background_background&quot;:&quot;classic&quot;,&quot;shape_divider_top&quot;:&quot;curve&quot;,&quot;shape_divider_top_negative&quot;:&quot;yes&quot;,&quot;shape_divider_bottom&quot;:&quot;mountains&quot;}\">\n\t\t\t\t\t<div class=\"e-con-inner\">\n\t\t\t\t<div class=\"elementor-shape elementor-shape-top\" aria-hidden=\"true\" data-negative=\"true\">\n\t\t\t<svg xmlns=\"http:\/\/www.w3.org\/2000\/svg\" viewBox=\"0 0 1000 100\" preserveAspectRatio=\"none\">\n\t<path class=\"elementor-shape-fill\" d=\"M500,97C126.7,96.3,0.8,19.8,0,0v100l1000,0V1C1000,19.4,873.3,97.8,500,97z\"\/>\n<\/svg>\t\t<\/div>\n\t\t\t\t<div class=\"elementor-shape elementor-shape-bottom\" aria-hidden=\"true\" data-negative=\"false\">\n\t\t\t<svg xmlns=\"http:\/\/www.w3.org\/2000\/svg\" viewBox=\"0 0 1000 100\" preserveAspectRatio=\"none\">\n\t<path class=\"elementor-shape-fill\" opacity=\"0.33\" d=\"M473,67.3c-203.9,88.3-263.1-34-320.3,0C66,119.1,0,59.7,0,59.7V0h1000v59.7 c0,0-62.1,26.1-94.9,29.3c-32.8,3.3-62.8-12.3-75.8-22.1C806,49.6,745.3,8.7,694.9,4.7S492.4,59,473,67.3z\"\/>\n\t<path class=\"elementor-shape-fill\" opacity=\"0.66\" d=\"M734,67.3c-45.5,0-77.2-23.2-129.1-39.1c-28.6-8.7-150.3-10.1-254,39.1 s-91.7-34.4-149.2,0C115.7,118.3,0,39.8,0,39.8V0h1000v36.5c0,0-28.2-18.5-92.1-18.5C810.2,18.1,775.7,67.3,734,67.3z\"\/>\n\t<path class=\"elementor-shape-fill\" d=\"M766.1,28.9c-200-57.5-266,65.5-395.1,19.5C242,1.8,242,5.4,184.8,20.6C128,35.8,132.3,44.9,89.9,52.5C28.6,63.7,0,0,0,0 h1000c0,0-9.9,40.9-83.6,48.1S829.6,47,766.1,28.9z\"\/>\n<\/svg>\t\t<\/div>\n\t\t<div class=\"elementor-element elementor-element-e792560 e-con-full e-flex e-con e-child\" data-id=\"e792560\" data-element_type=\"container\" data-e-type=\"container\">\n\t\t<div class=\"elementor-element elementor-element-7c4f657 e-con-full e-flex e-con e-child\" data-id=\"7c4f657\" data-element_type=\"container\" data-e-type=\"container\">\n\t\t\t\t<div class=\"elementor-element elementor-element-9e333e6 elementor-widget-mobile__width-inherit elementor-widget__width-inherit elementor-widget elementor-widget-heading\" data-id=\"9e333e6\" data-element_type=\"widget\" data-e-type=\"widget\" data-settings=\"{&quot;ekit_we_effect_on&quot;:&quot;none&quot;}\" data-widget_type=\"heading.default\">\n\t\t\t\t\t<h2 class=\"elementor-heading-title elementor-size-default\">Quando a pr\u00f3tese R24R \u00e9 indicada?<\/h2>\t\t\t\t<\/div>\n\t\t\t\t<div class=\"elementor-element elementor-element-bba24d8 elementor-widget__width-inherit elementor-widget-mobile__width-inherit elementor-widget elementor-widget-text-editor\" data-id=\"bba24d8\" data-element_type=\"widget\" data-e-type=\"widget\" data-settings=\"{&quot;ekit_we_effect_on&quot;:&quot;none&quot;}\" data-widget_type=\"text-editor.default\">\n\t\t\t\t\t\t\t\t\t<p>A indica\u00e7\u00e3o para a pr\u00f3tese R24R \u00e9 sempre personalizada, feita em consulta detalhada com o cirurgi\u00e3o pl\u00e1stico. Ela \u00e9 uma excelente op\u00e7\u00e3o para:<\/p>\t\t\t\t\t\t\t\t<\/div>\n\t\t\t\t<\/div>\n\t\t<div class=\"elementor-element elementor-element-2135489 e-con-full e-flex e-con e-child\" data-id=\"2135489\" data-element_type=\"container\" data-e-type=\"container\">\n\t\t<div class=\"elementor-element elementor-element-e69a16b e-con-full e-flex e-con e-child\" data-id=\"e69a16b\" data-element_type=\"container\" data-e-type=\"container\">\n\t\t\t\t<div class=\"elementor-element elementor-element-813f3ee elementor-align-start elementor-widget__width-initial elementor-icon-list--layout-traditional elementor-list-item-link-full_width elementor-widget elementor-widget-icon-list\" data-id=\"813f3ee\" data-element_type=\"widget\" data-e-type=\"widget\" data-settings=\"{&quot;ekit_we_effect_on&quot;:&quot;none&quot;}\" data-widget_type=\"icon-list.default\">\n\t\t\t\t\t\t\t<ul class=\"elementor-icon-list-items\">\n\t\t\t\t\t\t\t<li class=\"elementor-icon-list-item\">\n\t\t\t\t\t\t\t\t\t\t\t<span class=\"elementor-icon-list-icon\">\n\t\t\t\t\t\t\t<i aria-hidden=\"true\" class=\"icon icon-checkmark-circle\"><\/i>\t\t\t\t\t\t<\/span>\n\t\t\t\t\t\t\t\t\t\t<span class=\"elementor-icon-list-text\">Mulheres que buscam um aumento mam\u00e1rio com resultado natural, sem a apar\u00eancia \"arrebitada\" ou excessivamente cheia na parte superior<\/span>\n\t\t\t\t\t\t\t\t\t<\/li>\n\t\t\t\t\t\t\t\t<li class=\"elementor-icon-list-item\">\n\t\t\t\t\t\t\t\t\t\t\t<span class=\"elementor-icon-list-icon\">\n\t\t\t\t\t\t\t<i aria-hidden=\"true\" class=\"icon icon-checkmark-circle\"><\/i>\t\t\t\t\t\t<\/span>\n\t\t\t\t\t\t\t\t\t\t<span class=\"elementor-icon-list-text\">Pacientes que desejam uma melhora significativa no volume com uma sensa\u00e7\u00e3o t\u00e1til mais pr\u00f3xima do tecido mam\u00e1rio real<\/span>\n\t\t\t\t\t\t\t\t\t<\/li>\n\t\t\t\t\t\t\t\t<li class=\"elementor-icon-list-item\">\n\t\t\t\t\t\t\t\t\t\t\t<span class=\"elementor-icon-list-icon\">\n\t\t\t\t\t\t\t<i aria-hidden=\"true\" class=\"icon icon-checkmark-circle\"><\/i>\t\t\t\t\t\t<\/span>\n\t\t\t\t\t\t\t\t\t\t<span class=\"elementor-icon-list-text\">Casos de reposi\u00e7\u00e3o de volume ap\u00f3s gravidez, amamenta\u00e7\u00e3o ou perda de peso consider\u00e1vel, onde h\u00e1 flacidez de pele moderada<\/span>\n\t\t\t\t\t\t\t\t\t<\/li>\n\t\t\t\t\t\t\t\t<li class=\"elementor-icon-list-item\">\n\t\t\t\t\t\t\t\t\t\t<span class=\"elementor-icon-list-text\"><br>\u00c9 crucial ter expectativas realistas e uma estrutura corporal adequada para abrigar o implante. Seu cirurgi\u00e3o pl\u00e1stico avaliar\u00e1 suas medidas tor\u00e1cicas, a qualidade da sua pele e o formato desejado para confirmar se a R24R \u00e9 a melhor escolha para o seu caso.<\/span>\n\t\t\t\t\t\t\t\t\t<\/li>\n\t\t\t\t\t\t<\/ul>\n\t\t\t\t\t\t<\/div>\n\t\t\t\t<\/div>\n\t\t\t\t<\/div>\n\t\t<div class=\"elementor-element elementor-element-39e6131 e-con-full e-flex e-con e-child\" data-id=\"39e6131\" data-element_type=\"container\" data-e-type=\"container\" data-settings=\"{&quot;background_background&quot;:&quot;classic&quot;}\">\n\t\t<div class=\"elementor-element elementor-element-444274a e-con-full e-flex e-con e-child\" data-id=\"444274a\" data-element_type=\"container\" data-e-type=\"container\">\n\t\t\t\t<div class=\"elementor-element elementor-element-070787c elementor-widget-mobile__width-inherit elementor-widget elementor-widget-heading\" data-id=\"070787c\" data-element_type=\"widget\" data-e-type=\"widget\" data-settings=\"{&quot;ekit_we_effect_on&quot;:&quot;none&quot;}\" data-widget_type=\"heading.default\">\n\t\t\t\t\t<h2 class=\"elementor-heading-title elementor-size-default\">P\u00f3s-operat\u00f3rio da cirurgia com pr\u00f3tese R24R<\/h2>\t\t\t\t<\/div>\n\t\t\t\t<div class=\"elementor-element elementor-element-e784ad4 elementor-widget__width-inherit elementor-widget elementor-widget-text-editor\" data-id=\"e784ad4\" data-element_type=\"widget\" data-e-type=\"widget\" data-settings=\"{&quot;ekit_we_effect_on&quot;:&quot;none&quot;}\" data-widget_type=\"text-editor.default\">\n\t\t\t\t\t\t\t\t\t<p>O p\u00f3s-operat\u00f3rio da mamoplastia de aumento com implantes R24R segue protocolos similares aos de outras pr\u00f3teses, mas o conforto pode ser um pouco maior devido ao peso reduzido.<\/p>\t\t\t\t\t\t\t\t<\/div>\n\t\t\t\t<div class=\"elementor-element elementor-element-0a6ec95 elementor-widget__width-inherit elementor-widget elementor-widget-text-editor\" data-id=\"0a6ec95\" data-element_type=\"widget\" data-e-type=\"widget\" data-settings=\"{&quot;ekit_we_effect_on&quot;:&quot;none&quot;}\" data-widget_type=\"text-editor.default\">\n\t\t\t\t\t\t\t\t\t<p>Nos primeiros dias, \u00e9 comum sentir incha\u00e7o, dor moderada e sensa\u00e7\u00e3o de tens\u00e3o, controlados com medica\u00e7\u00e3o. O uso de um suti\u00e3 p\u00f3s-cir\u00fargico \u00e9 essencial por v\u00e1rias semanas.<\/p>\t\t\t\t\t\t\t\t<\/div>\n\t\t\t\t<\/div>\n\t\t\t\t<\/div>\n\t\t\t\t<\/div>\n\t\t\t\t\t<\/div>\n\t\t\t\t<\/div>\n\t\t<div class=\"elementor-element elementor-element-4d2382b e-flex e-con-boxed e-con e-parent\" data-id=\"4d2382b\" data-element_type=\"container\" data-e-type=\"container\" data-settings=\"{&quot;background_background&quot;:&quot;classic&quot;,&quot;shape_divider_top&quot;:&quot;curve&quot;,&quot;shape_divider_top_negative&quot;:&quot;yes&quot;,&quot;shape_divider_bottom&quot;:&quot;curve-asymmetrical&quot;,&quot;shape_divider_bottom_negative&quot;:&quot;yes&quot;}\">\n\t\t\t\t\t<div class=\"e-con-inner\">\n\t\t\t\t<div class=\"elementor-shape elementor-shape-top\" aria-hidden=\"true\" data-negative=\"true\">\n\t\t\t<svg xmlns=\"http:\/\/www.w3.org\/2000\/svg\" viewBox=\"0 0 1000 100\" preserveAspectRatio=\"none\">\n\t<path class=\"elementor-shape-fill\" d=\"M500,97C126.7,96.3,0.8,19.8,0,0v100l1000,0V1C1000,19.4,873.3,97.8,500,97z\"\/>\n<\/svg>\t\t<\/div>\n\t\t\t\t<div class=\"elementor-shape elementor-shape-bottom\" aria-hidden=\"true\" data-negative=\"true\">\n\t\t\t<svg xmlns=\"http:\/\/www.w3.org\/2000\/svg\" viewBox=\"0 0 1000 100\" preserveAspectRatio=\"none\">\n\t<path class=\"elementor-shape-fill\" d=\"M615.2,96.7C240.2,97.8,0,18.9,0,0v100h1000V0C1000,19.2,989.8,96,615.2,96.7z\"\/>\n<\/svg>\t\t<\/div>\n\t\t<div class=\"elementor-element elementor-element-84d301c e-con-full e-flex elementor-invisible e-con e-child\" data-id=\"84d301c\" data-element_type=\"container\" data-e-type=\"container\" data-settings=\"{&quot;animation&quot;:&quot;fadeInUp&quot;}\">\n\t\t<div class=\"elementor-element elementor-element-f07df7b e-con-full e-flex e-con e-child\" data-id=\"f07df7b\" data-element_type=\"container\" data-e-type=\"container\">\n\t\t\t\t<div class=\"elementor-element elementor-element-c6a9d0b elementor-widget-mobile__width-inherit elementor-widget__width-inherit elementor-widget elementor-widget-heading\" data-id=\"c6a9d0b\" data-element_type=\"widget\" data-e-type=\"widget\" data-settings=\"{&quot;ekit_we_effect_on&quot;:&quot;none&quot;}\" data-widget_type=\"heading.default\">\n\t\t\t\t\t<h2 class=\"elementor-heading-title elementor-size-default\">Retorno \u00e0s atividades p\u00f3s-pr\u00f3tese R24R<\/h2>\t\t\t\t<\/div>\n\t\t\t\t<div class=\"elementor-element elementor-element-8be0850 elementor-widget__width-initial elementor-hidden-tablet elementor-hidden-mobile elementor-widget elementor-widget-image\" data-id=\"8be0850\" data-element_type=\"widget\" data-e-type=\"widget\" data-settings=\"{&quot;ekit_we_effect_on&quot;:&quot;none&quot;}\" data-widget_type=\"image.default\">\n\t\t\t\t\t\t\t\t\t\t\t\t\t\t\t<img decoding=\"async\" width=\"500\" height=\"500\" src=\"https:\/\/dev.mbhi.com.br\/angelica\/wp-content\/uploads\/2026\/02\/nv24.jpg\" class=\"attachment-full size-full wp-image-6225\" alt=\"\" srcset=\"https:\/\/dev.mbhi.com.br\/angelica\/wp-content\/uploads\/2026\/02\/nv24.jpg 500w, https:\/\/dev.mbhi.com.br\/angelica\/wp-content\/uploads\/2026\/02\/nv24-300x300.jpg 300w, https:\/\/dev.mbhi.com.br\/angelica\/wp-content\/uploads\/2026\/02\/nv24-150x150.jpg 150w\" sizes=\"(max-width: 500px) 100vw, 500px\" \/>\t\t\t\t\t\t\t\t\t\t\t\t\t\t\t<\/div>\n\t\t\t\t<div class=\"elementor-element elementor-element-fa5e1a9 elementor-widget__width-initial elementor-widget-mobile__width-inherit elementor-widget elementor-widget-text-editor\" data-id=\"fa5e1a9\" data-element_type=\"widget\" data-e-type=\"widget\" data-settings=\"{&quot;ekit_we_effect_on&quot;:&quot;none&quot;}\" data-widget_type=\"text-editor.default\">\n\t\t\t\t\t\t\t\t\t<p>O retorno \u00e0s atividades leves e ao trabalho (n\u00e3o f\u00edsico) ocorre geralmente em cerca de 7 a 10 dias. Exerc\u00edcios f\u00edsicos e levantamento de peso devem ser evitados por 4 a 6 semanas.<\/p><p>A grande vantagem da R24R \u00e9 que, por buscar um formato mais anat\u00f4mico e natural, o resultado j\u00e1 tende a parecer harmonioso desde as primeiras semanas, evoluindo positivamente conforme o incha\u00e7o diminui e o implante &#8220;assenta&#8221; no bols\u00e3o criado.<\/p>\t\t\t\t\t\t\t\t<\/div>\n\t\t\t\t<div class=\"elementor-element elementor-element-0ad5bfe elementor-widget-mobile__width-inherit elementor-widget__width-inherit elementor-widget elementor-widget-heading\" data-id=\"0ad5bfe\" data-element_type=\"widget\" data-e-type=\"widget\" data-settings=\"{&quot;ekit_we_effect_on&quot;:&quot;none&quot;}\" data-widget_type=\"heading.default\">\n\t\t\t\t\t<h2 class=\"elementor-heading-title elementor-size-default\">Diferen\u00e7a entre a cirurgia de pr\u00f3tese R24R e a tradicional<\/h2>\t\t\t\t<\/div>\n\t\t\t\t<div class=\"elementor-element elementor-element-d7a6ca1 elementor-widget__width-inherit elementor-widget-mobile__width-inherit elementor-widget elementor-widget-text-editor\" data-id=\"d7a6ca1\" data-element_type=\"widget\" data-e-type=\"widget\" data-settings=\"{&quot;ekit_we_effect_on&quot;:&quot;none&quot;}\" data-widget_type=\"text-editor.default\">\n\t\t\t\t\t\t\t\t\t<p>A principal diferen\u00e7a entre as pr\u00f3teses est\u00e1 no formato, na distribui\u00e7\u00e3o do volume e na sensa\u00e7\u00e3o.<\/p><p>Enquanto os implantes tradicionais redondos oferecem um aumento uniforme em toda a mama, resultando em uma apar\u00eancia mais volumosa e proeminente na parte superior (efeito &#8220;cheio&#8221;), as pr\u00f3teses anat\u00f4micas como a R24R t\u00eam formato de gota.<\/p>\t\t\t\t\t\t\t\t<\/div>\n\t\t\t\t<div class=\"elementor-element elementor-element-d73cf08 elementor-widget__width-initial elementor-widget-mobile__width-inherit elementor-widget elementor-widget-text-editor\" data-id=\"d73cf08\" data-element_type=\"widget\" data-e-type=\"widget\" data-settings=\"{&quot;ekit_we_effect_on&quot;:&quot;none&quot;}\" data-widget_type=\"text-editor.default\">\n\t\t\t\t\t\t\t\t\t<p>Este formato proporciona uma proje\u00e7\u00e3o mais suave na parte superior e um preenchimento mais generoso na parte inferior, criando uma inclina\u00e7\u00e3o natural semelhante \u00e0 mama sem implante.<\/p><p>Outro ponto \u00e9 a sensa\u00e7\u00e3o ao toque. O gel coesivo da R24R, menos denso, pode oferecer uma palpabilidade mais suave em compara\u00e7\u00e3o com alguns g\u00e9is mais firmes de modelos tradicionais. Tecnicamente, a cirurgia \u00e9 similar, exigindo do cirurgi\u00e3o um alto grau de precis\u00e3o para posicionar o implante anat\u00f4mico na orienta\u00e7\u00e3o correta.<\/p>\t\t\t\t\t\t\t\t<\/div>\n\t\t\t\t<div class=\"elementor-element elementor-element-5585356 elementor-widget__width-initial elementor-widget elementor-widget-image\" data-id=\"5585356\" data-element_type=\"widget\" data-e-type=\"widget\" data-settings=\"{&quot;ekit_we_effect_on&quot;:&quot;none&quot;}\" data-widget_type=\"image.default\">\n\t\t\t\t\t\t\t\t\t\t\t\t\t\t\t<img decoding=\"async\" width=\"500\" height=\"500\" src=\"https:\/\/dev.mbhi.com.br\/angelica\/wp-content\/uploads\/2026\/02\/nv23.jpg\" class=\"attachment-full size-full wp-image-6226\" alt=\"\" srcset=\"https:\/\/dev.mbhi.com.br\/angelica\/wp-content\/uploads\/2026\/02\/nv23.jpg 500w, https:\/\/dev.mbhi.com.br\/angelica\/wp-content\/uploads\/2026\/02\/nv23-300x300.jpg 300w, https:\/\/dev.mbhi.com.br\/angelica\/wp-content\/uploads\/2026\/02\/nv23-150x150.jpg 150w\" sizes=\"(max-width: 500px) 100vw, 500px\" \/>\t\t\t\t\t\t\t\t\t\t\t\t\t\t\t<\/div>\n\t\t<div class=\"elementor-element elementor-element-fc8514b e-con-full e-flex e-con e-child\" data-id=\"fc8514b\" data-element_type=\"container\" data-e-type=\"container\" data-settings=\"{&quot;background_background&quot;:&quot;classic&quot;}\">\n\t\t\t\t<div class=\"elementor-element elementor-element-09f37d6 elementor-widget__width-inherit elementor-widget-mobile__width-inherit elementor-widget elementor-widget-text-editor\" data-id=\"09f37d6\" data-element_type=\"widget\" data-e-type=\"widget\" data-settings=\"{&quot;ekit_we_effect_on&quot;:&quot;none&quot;}\" data-widget_type=\"text-editor.default\">\n\t\t\t\t\t\t\t\t\t<p>A decis\u00e3o final, no entanto, deve sempre ser tomada em conjunto com um cirurgi\u00e3o pl\u00e1stico, que poder\u00e1 gui\u00e1-la na escolha do implante ideal para atender \u00e0s suas medidas corporais, tipo de tecido e objetivos pessoais, garantindo um resultado que valorize sua singularidade.<\/p>\t\t\t\t\t\t\t\t<\/div>\n\t\t\t\t<\/div>\n\t\t\t\t<\/div>\n\t\t\t\t<\/div>\n\t\t\t\t\t<\/div>\n\t\t\t\t<\/div>\n\t\t\t\t<\/div>\n\t\t","protected":false},"excerpt":{"rendered":"<p>Pr\u00f3tese de mama R24R: inova\u00e7\u00e3o com recupera\u00e7\u00e3o r\u00e1pida em 24 horas Entre as op\u00e7\u00f5es mais modernas e desejadas do mercado est\u00e1 a pr\u00f3tese de mama R24R, um modelo que prioriza um resultado surpreendentemente natural, com seguran\u00e7a e o conforto de uma recupera\u00e7\u00e3o r\u00e1pida A R24R \u00e9 um implante mam\u00e1rio de \u00faltima gera\u00e7\u00e3o, preenchido com um [&hellip;]<\/p>\n","protected":false},"author":1,"featured_media":0,"parent":0,"menu_order":0,"comment_status":"closed","ping_status":"closed","template":"","meta":{"pagelayer_contact_templates":[],"_pagelayer_content":"","footnotes":""},"class_list":["post-5891","page","type-page","status-publish","hentry"],"_links":{"self":[{"href":"https:\/\/dev.mbhi.com.br\/angelica\/wp-json\/wp\/v2\/pages\/5891","targetHints":{"allow":["GET"]}}],"collection":[{"href":"https:\/\/dev.mbhi.com.br\/angelica\/wp-json\/wp\/v2\/pages"}],"about":[{"href":"https:\/\/dev.mbhi.com.br\/angelica\/wp-json\/wp\/v2\/types\/page"}],"author":[{"embeddable":true,"href":"https:\/\/dev.mbhi.com.br\/angelica\/wp-json\/wp\/v2\/users\/1"}],"replies":[{"embeddable":true,"href":"https:\/\/dev.mbhi.com.br\/angelica\/wp-json\/wp\/v2\/comments?post=5891"}],"version-history":[{"count":46,"href":"https:\/\/dev.mbhi.com.br\/angelica\/wp-json\/wp\/v2\/pages\/5891\/revisions"}],"predecessor-version":[{"id":6294,"href":"https:\/\/dev.mbhi.com.br\/angelica\/wp-json\/wp\/v2\/pages\/5891\/revisions\/6294"}],"wp:attachment":[{"href":"https:\/\/dev.mbhi.com.br\/angelica\/wp-json\/wp\/v2\/media?parent=5891"}],"curies":[{"name":"wp","href":"https:\/\/api.w.org\/{rel}","templated":true}]}}