{"id":5932,"date":"2026-02-11T02:33:30","date_gmt":"2026-02-11T02:33:30","guid":{"rendered":"https:\/\/dev.mbhi.com.br\/angelica\/?page_id=5932"},"modified":"2026-02-11T07:37:22","modified_gmt":"2026-02-11T07:37:22","slug":"resseccao-de-grandes-labios","status":"publish","type":"page","link":"https:\/\/dev.mbhi.com.br\/angelica\/resseccao-de-grandes-labios\/","title":{"rendered":"Ressec\u00e7\u00e3o de grandes l\u00e1bios"},"content":{"rendered":"\t\t<div data-elementor-type=\"wp-page\" data-elementor-id=\"5932\" class=\"elementor elementor-5932\" data-elementor-post-type=\"page\">\n\t\t\t\t<div class=\"elementor-element elementor-element-78b9944 e-flex e-con-boxed e-con e-parent\" data-id=\"78b9944\" data-element_type=\"container\" data-e-type=\"container\" data-settings=\"{&quot;background_background&quot;:&quot;classic&quot;}\">\n\t\t\t\t\t<div class=\"e-con-inner\">\n\t\t<div class=\"elementor-element elementor-element-65b52f2 e-con-full e-flex e-con e-child\" data-id=\"65b52f2\" data-element_type=\"container\" data-e-type=\"container\">\n\t\t\t\t<div class=\"elementor-element elementor-element-f49a8a6 elementor-widget__width-inherit elementor-widget elementor-widget-heading\" data-id=\"f49a8a6\" data-element_type=\"widget\" data-e-type=\"widget\" data-settings=\"{&quot;ekit_we_effect_on&quot;:&quot;none&quot;}\" data-widget_type=\"heading.default\">\n\t\t\t\t\t<h2 class=\"elementor-heading-title elementor-size-default\">Ressec\u00e7\u00e3o de grandes l\u00e1bios<\/h2>\t\t\t\t<\/div>\n\t\t\t\t<div class=\"elementor-element elementor-element-fb13417 elementor-widget__width-inherit elementor-widget elementor-widget-text-editor\" data-id=\"fb13417\" data-element_type=\"widget\" data-e-type=\"widget\" data-settings=\"{&quot;ekit_we_effect_on&quot;:&quot;none&quot;}\" data-widget_type=\"text-editor.default\">\n\t\t\t\t\t\t\t\t\t<p>Cirurgia de redu\u00e7\u00e3o e harmoniza\u00e7\u00e3o \u00edntima<\/p>\t\t\t\t\t\t\t\t<\/div>\n\t\t\t\t<\/div>\n\t\t\t\t\t<\/div>\n\t\t\t\t<\/div>\n\t\t<div class=\"elementor-element elementor-element-011857d e-flex e-con-boxed e-con e-parent\" data-id=\"011857d\" data-element_type=\"container\" data-e-type=\"container\" data-settings=\"{&quot;background_background&quot;:&quot;classic&quot;,&quot;shape_divider_bottom&quot;:&quot;curve-asymmetrical&quot;,&quot;shape_divider_bottom_negative&quot;:&quot;yes&quot;}\">\n\t\t\t\t\t<div class=\"e-con-inner\">\n\t\t\t\t<div class=\"elementor-shape elementor-shape-bottom\" aria-hidden=\"true\" data-negative=\"true\">\n\t\t\t<svg xmlns=\"http:\/\/www.w3.org\/2000\/svg\" viewBox=\"0 0 1000 100\" preserveAspectRatio=\"none\">\n\t<path class=\"elementor-shape-fill\" d=\"M615.2,96.7C240.2,97.8,0,18.9,0,0v100h1000V0C1000,19.2,989.8,96,615.2,96.7z\"\/>\n<\/svg>\t\t<\/div>\n\t\t<div class=\"elementor-element elementor-element-55ffbd0 e-con-full e-flex elementor-invisible e-con e-child\" data-id=\"55ffbd0\" data-element_type=\"container\" data-e-type=\"container\" data-settings=\"{&quot;animation&quot;:&quot;fadeInUp&quot;}\">\n\t\t\t\t<div class=\"elementor-element elementor-element-759c269 elementor-widget elementor-widget-text-editor\" data-id=\"759c269\" data-element_type=\"widget\" data-e-type=\"widget\" data-settings=\"{&quot;ekit_we_effect_on&quot;:&quot;none&quot;}\" data-widget_type=\"text-editor.default\">\n\t\t\t\t\t\t\t\t\t<p><em>A ressec\u00e7\u00e3o de grandes l\u00e1bios, ou labioplastia maior, \u00e9 o procedimento cir\u00fargico voltado para o recontorno e redu\u00e7\u00e3o dos grandes l\u00e1bios vaginais, para corrigir o volume excessivo, a flacidez ou a assimetria nessa estrutura, promovendo uma harmoniza\u00e7\u00e3o est\u00e9tica e funcional da vulva.<\/em><\/p>\t\t\t\t\t\t\t\t<\/div>\n\t\t<div class=\"elementor-element elementor-element-4b48757 e-con-full e-flex e-con e-child\" data-id=\"4b48757\" data-element_type=\"container\" data-e-type=\"container\">\n\t\t\t\t<div class=\"elementor-element elementor-element-feecb9a elementor-widget__width-initial elementor-widget-mobile__width-inherit elementor-widget elementor-widget-text-editor\" data-id=\"feecb9a\" data-element_type=\"widget\" data-e-type=\"widget\" data-settings=\"{&quot;ekit_we_effect_on&quot;:&quot;none&quot;}\" data-widget_type=\"text-editor.default\">\n\t\t\t\t\t\t\t\t\t<p>A resssec\u00e7\u00e3o de grandes l\u00e1bios \u00e9 uma cirurgia \u00edntima que remove excesso de tecido, pele e gordura dos grandes l\u00e1bios, as pregas externas de pele que protegem as estruturas internas da vulva. O procedimento pode ter abordagens distintas: a redu\u00e7\u00e3o de volume, que remove gordura e tecido para diminuir o tamanho geral; e a pelectomia, que remove especificamente o excesso de pele fl\u00e1cida e alongada. O objetivo \u00e9 alcan\u00e7ar grandes l\u00e1bios mais contidos, sim\u00e9tricos e proporcionais aos pequenos l\u00e1bios.<\/p>\t\t\t\t\t\t\t\t<\/div>\n\t\t\t\t<div class=\"elementor-element elementor-element-cbf832e elementor-widget__width-initial elementor-widget elementor-widget-image\" data-id=\"cbf832e\" data-element_type=\"widget\" data-e-type=\"widget\" data-settings=\"{&quot;ekit_we_effect_on&quot;:&quot;none&quot;}\" data-widget_type=\"image.default\">\n\t\t\t\t\t\t\t\t\t\t\t\t\t\t\t<img fetchpriority=\"high\" decoding=\"async\" width=\"500\" height=\"500\" src=\"https:\/\/dev.mbhi.com.br\/angelica\/wp-content\/uploads\/2026\/02\/nv35.jpg\" class=\"attachment-full size-full wp-image-6331\" alt=\"\" srcset=\"https:\/\/dev.mbhi.com.br\/angelica\/wp-content\/uploads\/2026\/02\/nv35.jpg 500w, https:\/\/dev.mbhi.com.br\/angelica\/wp-content\/uploads\/2026\/02\/nv35-300x300.jpg 300w, https:\/\/dev.mbhi.com.br\/angelica\/wp-content\/uploads\/2026\/02\/nv35-150x150.jpg 150w\" sizes=\"(max-width: 500px) 100vw, 500px\" \/>\t\t\t\t\t\t\t\t\t\t\t\t\t\t\t<\/div>\n\t\t\t\t<\/div>\n\t\t\t\t<\/div>\n\t\t\t\t\t<\/div>\n\t\t\t\t<\/div>\n\t\t<div class=\"elementor-element elementor-element-3ac613d2 e-flex e-con-boxed e-con e-parent\" data-id=\"3ac613d2\" data-element_type=\"container\" data-e-type=\"container\" id=\"apply-sec-features\" data-settings=\"{&quot;background_background&quot;:&quot;classic&quot;,&quot;shape_divider_top&quot;:&quot;curve&quot;,&quot;shape_divider_top_negative&quot;:&quot;yes&quot;,&quot;shape_divider_bottom&quot;:&quot;mountains&quot;}\">\n\t\t\t\t\t<div class=\"e-con-inner\">\n\t\t\t\t<div class=\"elementor-shape elementor-shape-top\" aria-hidden=\"true\" data-negative=\"true\">\n\t\t\t<svg xmlns=\"http:\/\/www.w3.org\/2000\/svg\" viewBox=\"0 0 1000 100\" preserveAspectRatio=\"none\">\n\t<path class=\"elementor-shape-fill\" d=\"M500,97C126.7,96.3,0.8,19.8,0,0v100l1000,0V1C1000,19.4,873.3,97.8,500,97z\"\/>\n<\/svg>\t\t<\/div>\n\t\t\t\t<div class=\"elementor-shape elementor-shape-bottom\" aria-hidden=\"true\" data-negative=\"false\">\n\t\t\t<svg xmlns=\"http:\/\/www.w3.org\/2000\/svg\" viewBox=\"0 0 1000 100\" preserveAspectRatio=\"none\">\n\t<path class=\"elementor-shape-fill\" opacity=\"0.33\" d=\"M473,67.3c-203.9,88.3-263.1-34-320.3,0C66,119.1,0,59.7,0,59.7V0h1000v59.7 c0,0-62.1,26.1-94.9,29.3c-32.8,3.3-62.8-12.3-75.8-22.1C806,49.6,745.3,8.7,694.9,4.7S492.4,59,473,67.3z\"\/>\n\t<path class=\"elementor-shape-fill\" opacity=\"0.66\" d=\"M734,67.3c-45.5,0-77.2-23.2-129.1-39.1c-28.6-8.7-150.3-10.1-254,39.1 s-91.7-34.4-149.2,0C115.7,118.3,0,39.8,0,39.8V0h1000v36.5c0,0-28.2-18.5-92.1-18.5C810.2,18.1,775.7,67.3,734,67.3z\"\/>\n\t<path class=\"elementor-shape-fill\" d=\"M766.1,28.9c-200-57.5-266,65.5-395.1,19.5C242,1.8,242,5.4,184.8,20.6C128,35.8,132.3,44.9,89.9,52.5C28.6,63.7,0,0,0,0 h1000c0,0-9.9,40.9-83.6,48.1S829.6,47,766.1,28.9z\"\/>\n<\/svg>\t\t<\/div>\n\t\t<div class=\"elementor-element elementor-element-e792560 e-con-full e-flex e-con e-child\" data-id=\"e792560\" data-element_type=\"container\" data-e-type=\"container\">\n\t\t<div class=\"elementor-element elementor-element-7c4f657 e-con-full e-flex e-con e-child\" data-id=\"7c4f657\" data-element_type=\"container\" data-e-type=\"container\">\n\t\t\t\t<div class=\"elementor-element elementor-element-9e333e6 elementor-widget-mobile__width-inherit elementor-widget__width-inherit elementor-widget elementor-widget-heading\" data-id=\"9e333e6\" data-element_type=\"widget\" data-e-type=\"widget\" data-settings=\"{&quot;ekit_we_effect_on&quot;:&quot;none&quot;}\" data-widget_type=\"heading.default\">\n\t\t\t\t\t<h2 class=\"elementor-heading-title elementor-size-default\">Quando a redu\u00e7\u00e3o dos grandes l\u00e1bios \u00e9 indicada<\/h2>\t\t\t\t<\/div>\n\t\t\t\t<div class=\"elementor-element elementor-element-bba24d8 elementor-widget__width-inherit elementor-widget-mobile__width-inherit elementor-widget elementor-widget-text-editor\" data-id=\"bba24d8\" data-element_type=\"widget\" data-e-type=\"widget\" data-settings=\"{&quot;ekit_we_effect_on&quot;:&quot;none&quot;}\" data-widget_type=\"text-editor.default\">\n\t\t\t\t\t\t\t\t\t<p>A indica\u00e7\u00e3o para a labioplastia maior \u00e9 baseada na avalia\u00e7\u00e3o individual e nas queixas da paciente. Mulheres que procuram este procedimento geralmente apresentam uma ou mais das seguintes situa\u00e7\u00f5es:<\/p>\t\t\t\t\t\t\t\t<\/div>\n\t\t\t\t<\/div>\n\t\t<div class=\"elementor-element elementor-element-2135489 e-con-full e-flex e-con e-child\" data-id=\"2135489\" data-element_type=\"container\" data-e-type=\"container\">\n\t\t<div class=\"elementor-element elementor-element-e69a16b e-con-full e-flex e-con e-child\" data-id=\"e69a16b\" data-element_type=\"container\" data-e-type=\"container\">\n\t\t\t\t<div class=\"elementor-element elementor-element-813f3ee elementor-align-start elementor-widget__width-initial elementor-icon-list--layout-traditional elementor-list-item-link-full_width elementor-widget elementor-widget-icon-list\" data-id=\"813f3ee\" data-element_type=\"widget\" data-e-type=\"widget\" data-settings=\"{&quot;ekit_we_effect_on&quot;:&quot;none&quot;}\" data-widget_type=\"icon-list.default\">\n\t\t\t\t\t\t\t<ul class=\"elementor-icon-list-items\">\n\t\t\t\t\t\t\t<li class=\"elementor-icon-list-item\">\n\t\t\t\t\t\t\t\t\t\t\t<span class=\"elementor-icon-list-icon\">\n\t\t\t\t\t\t\t<i aria-hidden=\"true\" class=\"icon icon-checkmark-circle\"><\/i>\t\t\t\t\t\t<\/span>\n\t\t\t\t\t\t\t\t\t\t<span class=\"elementor-icon-list-text\">Volume excessivo cong\u00eanito<\/span>\n\t\t\t\t\t\t\t\t\t<\/li>\n\t\t\t\t\t\t\t\t<li class=\"elementor-icon-list-item\">\n\t\t\t\t\t\t\t\t\t\t\t<span class=\"elementor-icon-list-icon\">\n\t\t\t\t\t\t\t<i aria-hidden=\"true\" class=\"icon icon-checkmark-circle\"><\/i>\t\t\t\t\t\t<\/span>\n\t\t\t\t\t\t\t\t\t\t<span class=\"elementor-icon-list-text\">Flacidez e perda de elasticidade<\/span>\n\t\t\t\t\t\t\t\t\t<\/li>\n\t\t\t\t\t\t\t\t<li class=\"elementor-icon-list-item\">\n\t\t\t\t\t\t\t\t\t\t\t<span class=\"elementor-icon-list-icon\">\n\t\t\t\t\t\t\t<i aria-hidden=\"true\" class=\"icon icon-checkmark-circle\"><\/i>\t\t\t\t\t\t<\/span>\n\t\t\t\t\t\t\t\t\t\t<span class=\"elementor-icon-list-text\">Assimetria pronunciada<\/span>\n\t\t\t\t\t\t\t\t\t<\/li>\n\t\t\t\t\t\t\t\t<li class=\"elementor-icon-list-item\">\n\t\t\t\t\t\t\t\t\t\t\t<span class=\"elementor-icon-list-icon\">\n\t\t\t\t\t\t\t<i aria-hidden=\"true\" class=\"icon icon-checkmark-circle\"><\/i>\t\t\t\t\t\t<\/span>\n\t\t\t\t\t\t\t\t\t\t<span class=\"elementor-icon-list-text\">Desconforto funcional<\/span>\n\t\t\t\t\t\t\t\t\t<\/li>\n\t\t\t\t\t\t<\/ul>\n\t\t\t\t\t\t<\/div>\n\t\t\t\t<\/div>\n\t\t\t\t<\/div>\n\t\t<div class=\"elementor-element elementor-element-39e6131 e-con-full e-flex e-con e-child\" data-id=\"39e6131\" data-element_type=\"container\" data-e-type=\"container\" data-settings=\"{&quot;background_background&quot;:&quot;classic&quot;}\">\n\t\t<div class=\"elementor-element elementor-element-444274a e-con-full e-flex e-con e-child\" data-id=\"444274a\" data-element_type=\"container\" data-e-type=\"container\">\n\t\t\t\t<div class=\"elementor-element elementor-element-070787c elementor-widget-mobile__width-inherit elementor-widget elementor-widget-heading\" data-id=\"070787c\" data-element_type=\"widget\" data-e-type=\"widget\" data-settings=\"{&quot;ekit_we_effect_on&quot;:&quot;none&quot;}\" data-widget_type=\"heading.default\">\n\t\t\t\t\t<h2 class=\"elementor-heading-title elementor-size-default\">Processo de recupera\u00e7\u00e3o e cuidados ap\u00f3s a cirurgia<\/h2>\t\t\t\t<\/div>\n\t\t\t\t<div class=\"elementor-element elementor-element-e784ad4 elementor-widget__width-inherit elementor-widget elementor-widget-text-editor\" data-id=\"e784ad4\" data-element_type=\"widget\" data-e-type=\"widget\" data-settings=\"{&quot;ekit_we_effect_on&quot;:&quot;none&quot;}\" data-widget_type=\"text-editor.default\">\n\t\t\t\t\t\t\t\t\t<p>O p\u00f3s-operat\u00f3rio da ressec\u00e7\u00e3o de grandes l\u00e1bios requer aten\u00e7\u00e3o e alguns cuidados espec\u00edficos para uma cicatriza\u00e7\u00e3o ideal.<\/p>\t\t\t\t\t\t\t\t<\/div>\n\t\t\t\t<div class=\"elementor-element elementor-element-0a6ec95 elementor-widget__width-inherit elementor-widget elementor-widget-text-editor\" data-id=\"0a6ec95\" data-element_type=\"widget\" data-e-type=\"widget\" data-settings=\"{&quot;ekit_we_effect_on&quot;:&quot;none&quot;}\" data-widget_type=\"text-editor.default\">\n\t\t\t\t\t\t\t\t\t<p>A higiene \u00edntima deve ser feita com \u00e1gua e sab\u00e3o neutro, seguida de secagem delicada. Recomenda-se o uso de roupas \u00edntimas de algod\u00e3o largas e evitar cal\u00e7as muito justas para minimizar o atrito. Atividades f\u00edsicas intensas, como corrida e muscula\u00e7\u00e3o, devem ser evitadas por 4 a 6 semanas. \u00c9 fundamental observar o repouso sexual completo por um per\u00edodo m\u00ednimo de 6 a 8 semanas, conforme a libera\u00e7\u00e3o m\u00e9dica, para permitir a cicatriza\u00e7\u00e3o total dos tecidos sem riscos de trauma ou abertura da sutura.<\/p>\t\t\t\t\t\t\t\t<\/div>\n\t\t\t\t<\/div>\n\t\t\t\t<\/div>\n\t\t\t\t<\/div>\n\t\t\t\t\t<\/div>\n\t\t\t\t<\/div>\n\t\t<div class=\"elementor-element elementor-element-4d2382b e-flex e-con-boxed e-con e-parent\" data-id=\"4d2382b\" data-element_type=\"container\" data-e-type=\"container\" data-settings=\"{&quot;background_background&quot;:&quot;classic&quot;,&quot;shape_divider_top&quot;:&quot;curve&quot;,&quot;shape_divider_top_negative&quot;:&quot;yes&quot;,&quot;shape_divider_bottom&quot;:&quot;curve-asymmetrical&quot;,&quot;shape_divider_bottom_negative&quot;:&quot;yes&quot;}\">\n\t\t\t\t\t<div class=\"e-con-inner\">\n\t\t\t\t<div class=\"elementor-shape elementor-shape-top\" aria-hidden=\"true\" data-negative=\"true\">\n\t\t\t<svg xmlns=\"http:\/\/www.w3.org\/2000\/svg\" viewBox=\"0 0 1000 100\" preserveAspectRatio=\"none\">\n\t<path class=\"elementor-shape-fill\" d=\"M500,97C126.7,96.3,0.8,19.8,0,0v100l1000,0V1C1000,19.4,873.3,97.8,500,97z\"\/>\n<\/svg>\t\t<\/div>\n\t\t\t\t<div class=\"elementor-shape elementor-shape-bottom\" aria-hidden=\"true\" data-negative=\"true\">\n\t\t\t<svg xmlns=\"http:\/\/www.w3.org\/2000\/svg\" viewBox=\"0 0 1000 100\" preserveAspectRatio=\"none\">\n\t<path class=\"elementor-shape-fill\" d=\"M615.2,96.7C240.2,97.8,0,18.9,0,0v100h1000V0C1000,19.2,989.8,96,615.2,96.7z\"\/>\n<\/svg>\t\t<\/div>\n\t\t<div class=\"elementor-element elementor-element-84d301c e-con-full e-flex elementor-invisible e-con e-child\" data-id=\"84d301c\" data-element_type=\"container\" data-e-type=\"container\" data-settings=\"{&quot;animation&quot;:&quot;fadeInUp&quot;}\">\n\t\t<div class=\"elementor-element elementor-element-f07df7b e-con-full e-flex e-con e-child\" data-id=\"f07df7b\" data-element_type=\"container\" data-e-type=\"container\">\n\t\t\t\t<div class=\"elementor-element elementor-element-c6a9d0b elementor-widget-mobile__width-inherit elementor-widget__width-inherit elementor-widget elementor-widget-heading\" data-id=\"c6a9d0b\" data-element_type=\"widget\" data-e-type=\"widget\" data-settings=\"{&quot;ekit_we_effect_on&quot;:&quot;none&quot;}\" data-widget_type=\"heading.default\">\n\t\t\t\t\t<h2 class=\"elementor-heading-title elementor-size-default\">Quando o resultado final se torna aparente<\/h2>\t\t\t\t<\/div>\n\t\t\t\t<div class=\"elementor-element elementor-element-8be0850 elementor-widget__width-initial elementor-widget elementor-widget-image\" data-id=\"8be0850\" data-element_type=\"widget\" data-e-type=\"widget\" data-settings=\"{&quot;ekit_we_effect_on&quot;:&quot;none&quot;}\" data-widget_type=\"image.default\">\n\t\t\t\t\t\t\t\t\t\t\t\t\t\t\t<img decoding=\"async\" width=\"500\" height=\"500\" src=\"https:\/\/dev.mbhi.com.br\/angelica\/wp-content\/uploads\/2026\/02\/nv36.jpg\" class=\"attachment-full size-full wp-image-6336\" alt=\"\" srcset=\"https:\/\/dev.mbhi.com.br\/angelica\/wp-content\/uploads\/2026\/02\/nv36.jpg 500w, https:\/\/dev.mbhi.com.br\/angelica\/wp-content\/uploads\/2026\/02\/nv36-300x300.jpg 300w, https:\/\/dev.mbhi.com.br\/angelica\/wp-content\/uploads\/2026\/02\/nv36-150x150.jpg 150w\" sizes=\"(max-width: 500px) 100vw, 500px\" \/>\t\t\t\t\t\t\t\t\t\t\t\t\t\t\t<\/div>\n\t\t\t\t<div class=\"elementor-element elementor-element-fa5e1a9 elementor-widget__width-initial elementor-widget-mobile__width-inherit elementor-widget elementor-widget-text-editor\" data-id=\"fa5e1a9\" data-element_type=\"widget\" data-e-type=\"widget\" data-settings=\"{&quot;ekit_we_effect_on&quot;:&quot;none&quot;}\" data-widget_type=\"text-editor.default\">\n\t\t\t\t\t\t\t\t\t<p>A evolu\u00e7\u00e3o do resultado \u00e9 gradual. Embora a redu\u00e7\u00e3o do volume seja imediatamente vis\u00edvel ap\u00f3s a cirurgia, o incha\u00e7o p\u00f3s-operat\u00f3rio pode mascarar o contorno definitivo nas primeiras semanas. No entanto, o resultado final refinado, sim\u00e9trico e natural da ressec\u00e7\u00e3o de grandes l\u00e1bios s\u00f3 se estabiliza completamente ap\u00f3s um processo que pode levar de 3 a 6 meses. Nesse per\u00edodo, os tecidos internos cicatrizam por completo, as suturas s\u00e3o absorvidas e qualquer incha\u00e7o residual desaparece. As cicatrizes, estrategicamente posicionadas nas dobras naturais dos grandes l\u00e1bios, tornam-se progressivamente mais discretas, planas e claras.<\/p>\t\t\t\t\t\t\t\t<\/div>\n\t\t\t\t<\/div>\n\t\t\t\t<\/div>\n\t\t\t\t\t<\/div>\n\t\t\t\t<\/div>\n\t\t\t\t<\/div>\n\t\t","protected":false},"excerpt":{"rendered":"<p>Ressec\u00e7\u00e3o de grandes l\u00e1bios Cirurgia de redu\u00e7\u00e3o e harmoniza\u00e7\u00e3o \u00edntima A ressec\u00e7\u00e3o de grandes l\u00e1bios, ou labioplastia maior, \u00e9 o procedimento cir\u00fargico voltado para o recontorno e redu\u00e7\u00e3o dos grandes l\u00e1bios vaginais, para corrigir o volume excessivo, a flacidez ou a assimetria nessa estrutura, promovendo uma harmoniza\u00e7\u00e3o est\u00e9tica e funcional da vulva. A resssec\u00e7\u00e3o de [&hellip;]<\/p>\n","protected":false},"author":1,"featured_media":0,"parent":0,"menu_order":0,"comment_status":"closed","ping_status":"closed","template":"","meta":{"pagelayer_contact_templates":[],"_pagelayer_content":"","footnotes":""},"class_list":["post-5932","page","type-page","status-publish","hentry"],"_links":{"self":[{"href":"https:\/\/dev.mbhi.com.br\/angelica\/wp-json\/wp\/v2\/pages\/5932","targetHints":{"allow":["GET"]}}],"collection":[{"href":"https:\/\/dev.mbhi.com.br\/angelica\/wp-json\/wp\/v2\/pages"}],"about":[{"href":"https:\/\/dev.mbhi.com.br\/angelica\/wp-json\/wp\/v2\/types\/page"}],"author":[{"embeddable":true,"href":"https:\/\/dev.mbhi.com.br\/angelica\/wp-json\/wp\/v2\/users\/1"}],"replies":[{"embeddable":true,"href":"https:\/\/dev.mbhi.com.br\/angelica\/wp-json\/wp\/v2\/comments?post=5932"}],"version-history":[{"count":70,"href":"https:\/\/dev.mbhi.com.br\/angelica\/wp-json\/wp\/v2\/pages\/5932\/revisions"}],"predecessor-version":[{"id":6352,"href":"https:\/\/dev.mbhi.com.br\/angelica\/wp-json\/wp\/v2\/pages\/5932\/revisions\/6352"}],"wp:attachment":[{"href":"https:\/\/dev.mbhi.com.br\/angelica\/wp-json\/wp\/v2\/media?parent=5932"}],"curies":[{"name":"wp","href":"https:\/\/api.w.org\/{rel}","templated":true}]}}